{"id":11207,"date":"2023-08-09T17:45:11","date_gmt":"2023-08-09T17:45:11","guid":{"rendered":"https:\/\/jeltsch.eu\/webblog\/?page_id=11207"},"modified":"2026-02-18T01:42:23","modified_gmt":"2026-02-18T01:42:23","slug":"presseberichte-auflisting","status":"publish","type":"page","link":"https:\/\/jeltsch.eu\/webblog\/presseberichte-auflisting\/","title":{"rendered":"presseberichte\/liste"},"content":{"rendered":"<p>&nbsp;<\/p>\n<p>&nbsp;<\/p>\n<p>&nbsp;<\/p>\n<p><a href=\"https:\/\/jeltsch.eu\/webblog\/artikel-tara-hill-reto-jeltsch\/\" rel=\"noopener\" target=\"_blank\">Artikel \/ Feature \u00fcber Reto Jeltschs Arbeit mit imagin\u00e4rem Kunstschaffen<\/a> von <a href=\"https:\/\/lifemagicallyis.wordpress.com\/about\/\" rel=\"noopener\" target=\"_blank\">Tara Hill<\/a>, April 2025<\/p>\n<p>&nbsp;<\/p>\n<p>Report \u201eTageswoche\u201c, Hans-J\u00f6rg Walter (Text) and Reto Jeltsch (Images) \/ 11.12.2013<\/p>\n<p><strong><br \/>\nZeitmaschine: Mit dem Spaceshuttle zum Powerpoint<\/strong><\/p>\n<p>Die pixeligen Freizeitaktivit\u00e4ten eines Computergrafikdesigners im Jahre 1988.<\/p>\n<p>\u2028Hans-J\u00f6rg Walter (Text) und Reto Jeltsch (Bild) \/ 11.12.2013, 07:38 Uhr<\/p>\n<p>&nbsp;<\/p>\n<p>&nbsp;<\/p>\n<p><img loading=\"lazy\" decoding=\"async\" src=\"https:\/\/jeltsch.eu\/webblog\/wp-content\/uploads\/2023\/07\/DigIt-Mado-11.5x18-2022-23x36-300-RC-P-300x192-1.jpg\" alt=\"\" width=\"300\" height=\"192\" class=\"alignnone size-full wp-image-10864\" \/><\/p>\n<p><img loading=\"lazy\" decoding=\"async\" src=\"https:\/\/jeltsch.eu\/webblog\/wp-content\/uploads\/2023\/07\/DigIt-TimeSquare-DSCF5966-P-colvar-300x200-1.jpg\" alt=\"\" width=\"300\" height=\"200\" class=\"alignnone size-full wp-image-10871\" \/><\/p>\n<p><img loading=\"lazy\" decoding=\"async\" src=\"https:\/\/jeltsch.eu\/webblog\/wp-content\/uploads\/2023\/07\/Digital-Dreams-IK70-DSCF5550-211x300-1.jpg\" alt=\"\" width=\"211\" height=\"300\" class=\"alignnone size-full wp-image-10872\" \/><\/p>\n<p><img loading=\"lazy\" decoding=\"async\" src=\"https:\/\/jeltsch.eu\/webblog\/wp-content\/uploads\/2023\/07\/Tana-Silver-Dots-Robot-DSCF4880-HF.2.2-4web-200x300-1.jpg\" alt=\"\" width=\"200\" height=\"300\" class=\"alignnone size-full wp-image-10873\" \/><\/p>\n<p><img loading=\"lazy\" decoding=\"async\" src=\"https:\/\/jeltsch.eu\/webblog\/wp-content\/uploads\/2023\/07\/imagescms-image-003659668-735x980-1-225x300-1.jpg\" alt=\"\" width=\"225\" height=\"300\" class=\"alignnone size-full wp-image-10875\" \/><\/p>\n<p>&nbsp;<\/p>\n<p>Ganzer Originalartikel\/Umfang:<\/p>\n<p>376 W\u00f6rter\/2921 Zeichen (inkl. Leerzeichen)<br \/>\n6 Fotoabbildungen im Artikel enthalten<br \/>\n&nbsp;<\/p>\n<p><a href=\"https:\/\/medium.com\/@hjwalter\/zeitmaschine-mit-dem-spaceshuttle-zum-powerpoint-c343eb59846\" rel=\"noopener\" target=\"_blank\">Link zum Artikel &#8222;Mit dem Spaceshuttle zum Powerpoint&#8220; von Hans-J\u00f6rg F. Walter auf MEDIUM (2019)<\/p>\n<p><\/a><\/p>\n<p>&nbsp;<\/p>\n<p>&nbsp;<\/p>\n<p>&nbsp;<\/p>\n<p>&nbsp;<\/p>\n<p>&nbsp;<\/p>\n<p>&nbsp;<\/p>\n<p>\u00a9 \u201eForte\u201c, Nr. 3, September 2001, Viertelj\u00e4hrliche Publikation\/Magazin der Schweizerischen Multiple Sklerose Gesellschaft, S. 25<\/p>\n<p>&nbsp;<\/p>\n<p><strong>Gedankenskulpturen in Basel <\/strong><\/p>\n<p><img loading=\"lazy\" decoding=\"async\" src=\"https:\/\/jeltsch.eu\/webblog\/wp-content\/uploads\/2023\/07\/R-06-04-NEBEL-16x24-25-300x200-1.jpg\" alt=\"\" width=\"300\" height=\"200\" class=\"alignnone size-full wp-image-10877\" \/><\/p>\n<p><em>Fotoabbildung \u00fcber Text (7.5 x 8 cm)<\/em><\/p>\n<p>&nbsp;<\/p>\n<p>Ganzer Artikel:<\/p>\n<p>172 W\u00f6rter\/1296 Zeichen (inkl. Leerzeichen)<br \/>\n1 Fotoabbildung im Artikel enthalten (\u201eNebel\u201c, 7.5 x 8 cm))<\/p>\n<p>&nbsp;<\/p>\n<p>&nbsp;<\/p>\n<p>&nbsp;<\/p>\n<p>&nbsp;<\/p>\n<p>&nbsp;<\/p>\n<p>&nbsp;<\/p>\n<p>\u00a9 Basler Zeitung, Agenda; 13.09.2001; Nummer 37; Seite 15\/Expositions\/Reto Jeltsch \u2013 eine Retrospektive in der Gundeldinger Kunsthalle\u2028\u2028<\/p>\n<p>&nbsp;<\/p>\n<p><strong>\u2028Bildringen<\/strong><\/p>\n<p>Von ADRIAN AEBI<\/p>\n<p>&nbsp;<\/p>\n<p>Im Artikel enthaltenes Bildmaterial: :<\/p>\n<p><img loading=\"lazy\" decoding=\"async\" src=\"https:\/\/jeltsch.eu\/webblog\/wp-content\/uploads\/2023\/07\/017-Man-Animal-Urge-NWS-280x300-1.jpg\" alt=\"\" width=\"280\" height=\"300\" class=\"alignnone size-full wp-image-10879\" \/><\/p>\n<p>&#8222;Mann, Tier, Trieb&#8220;, 1992 <\/p>\n<p>&nbsp;<\/p>\n<p>Ganzer Artikel\/Umfang:<\/p>\n<p>317 W\u00f6rter\/2339 Zeichen (inkl. Leerzeichen)<br \/>\n1 Fotoabbildung im Artikel enthalten (\u201eMann, Tier, Trieb\u201c)<\/p>\n<p>&nbsp;<\/p>\n<p><em><br \/>\n<a href=\"https:\/\/www.jeltsch.eu\/archiv\/pdf\/BaZ-Bildringen.pdf\" rel=\"noopener\" target=\"_blank\">pdf\/Original Artikel<\/a><\/em><\/p>\n<p>&nbsp;<\/p>\n<p>&nbsp;<\/p>\n<p>&nbsp;<\/p>\n<p>&nbsp;<\/p>\n<p>&nbsp;<\/p>\n<p>&nbsp;<\/p>\n<p>\u00a9 Basler Zeitung \/ Mittwoch, 28.10.1998 \/ Rubrik: Basel Stadt, S.35<\/p>\n<p>&nbsp;<\/p>\n<p><strong><br \/>\nVerk\u00f6rperung von Gedanken<\/strong><\/p>\n<p>Konzeptuelle Kunst ganz eigener Pr\u00e4gung zeigt Reto Jeltsch in der Galerie Ximo 43<\/p>\n<p>von Georg Schmidt<\/p>\n<p>&nbsp;<\/p>\n<p><img loading=\"lazy\" decoding=\"async\" src=\"https:\/\/jeltsch.eu\/webblog\/wp-content\/uploads\/2023\/07\/Alba.Imago_.Museum-Sculpture-Schriftbildobjekt-18x24-1-300x200-1.jpg\" alt=\"\" width=\"300\" height=\"200\" class=\"alignnone size-full wp-image-10881\" \/><\/p>\n<p><em>Fotolegende: Das Wort \u201c Sculpture\u201c als Materialisierung des Gedankens, der am Anfang einer Skulptur steht\/Foto zVg (Abbildung Foto\/Bildgr\u00f6sse: 7,5 x 15 cm)<br \/>\n<\/em><\/p>\n<p>&nbsp;<\/p>\n<p>Ganzer Artikel\/Umfang:<\/p>\n<p>401 W\u00f6rter\/2805 Zeichen (inkl. Leerzeichen)<br \/>\n1 Fotoabbildung im Artikel enthalten (\u201eSculpture\u201c, 7, 7 x 15 cm)<\/p>\n<p>&nbsp;<\/p>\n<p>&nbsp;<\/p>\n<p>&nbsp;<\/p>\n<p>&nbsp;<\/p>\n<p>&nbsp;<\/p>\n<p>\u00a9 BZ \/ Basellandschaftliche Zeitung, Rubrik: Dorneck\/Thierstein, Donnerstag, 17. Februar 1994, S. 23<\/p>\n<p>&nbsp;<\/p>\n<p><strong>\u2028\u201eEs gibt nicht nur eine einzige Realit\u00e4t\u201c<\/strong><\/p>\n<p>Reto Jeltsch will Gedanken-Skulpturen schaffen<\/p>\n<p>von Jean-Marc Pache<\/p>\n<p>&nbsp;<\/p>\n<p>Ganzer Artikel:<\/p>\n<p>601 W\u00f6rter\/4151 Zeichen (inkl. Leerzeichen)<br \/>\n1 Fotoabbildung (K\u00fcnstlerportrait mit Bildkreation) im Artikel enthalten<\/p>\n<p>&nbsp;<\/p>\n<p>&nbsp;<\/p>\n<p>&nbsp;<\/p>\n<p>&nbsp;<\/p>\n<p>&nbsp;<\/p>\n<p>\u00a9 ArtSpeak (A New York Monthly Gallery Review, vol XV, Nr. 7, New York City, April 1993)<\/p>\n<p>&nbsp;<\/p>\n<p>Art, not propaganda rules at Abney Galleries \/ SoHo, NYC<\/p>\n<p>By Sean Simon<\/p>\n<p>Group-show with Juan Aresti, Miguel Bustingorri, Paul Gardener, Carol Godding Paquet, Reto Jeltsch, Dominique Rietzler and Bertram Samuels<\/p>\n<p>&nbsp;<\/p>\n<p><img loading=\"lazy\" decoding=\"async\" src=\"https:\/\/jeltsch.eu\/webblog\/wp-content\/uploads\/2023\/07\/artspeak_p1.png\" alt=\"\" width=\"136\" height=\"124\" class=\"alignnone size-full wp-image-10883\" \/><br \/>\n<em><br \/>\nReto Jeltsch, \u201eDid U Evah Think of That?!\u201c, 1992, acrylic on wood, 70 x 70 cm<\/em><\/p>\n<p>&nbsp;<\/p>\n<p>Full article:<\/p>\n<p>84 words\/553 characters incl. spaces<\/p>\n<p>1 photo illustration included in the article (\u201eDid U Evah Think of That?!\u201c)<\/p>\n<p>&nbsp;<\/p>\n<p>&nbsp;<\/p>\n<p>&nbsp;<\/p>\n<p>&nbsp;<\/p>\n<p>&nbsp;<\/p>\n<p>&nbsp;<\/p>\n<p>&nbsp;<\/p>\n<p>Report in der Zeitschrift\/Photomagazin \u201ePhotographie\u201c, November 1988 \/ Artikel von Urs Tillmanns <\/p>\n<p>&nbsp;<\/p>\n<p>Vom Foto zur Computer Grafik<br \/>\n<strong><\/p>\n<p>Mit Monitor und Lightpen<\/strong><\/p>\n<p>&nbsp;<\/p>\n<p>Im Artikel enthaltenes Bildmaterial (insgesamt f\u00fcnfundzwanzig Abbildungen- Auswahl\/Bildausschnitte): <\/p>\n<p><img loading=\"lazy\" decoding=\"async\" src=\"https:\/\/jeltsch.eu\/webblog\/wp-content\/uploads\/2023\/07\/Tana-Silver-Dots-Robot-DSCF4880-HF.2.2-4web-150x150-1.jpg\" alt=\"\" width=\"150\" height=\"150\" class=\"alignnone size-full wp-image-10885\" \/> <img loading=\"lazy\" decoding=\"async\" src=\"https:\/\/jeltsch.eu\/webblog\/wp-content\/uploads\/2023\/07\/DSCF5216-ChinaForever.Z-H1-150x150-1.jpg\" alt=\"\" width=\"150\" height=\"150\" class=\"alignnone size-full wp-image-10887\" \/> <img loading=\"lazy\" decoding=\"async\" src=\"https:\/\/jeltsch.eu\/webblog\/wp-content\/uploads\/2023\/07\/Tana-Black-Net-HF-150x150-1.jpg\" alt=\"\" width=\"150\" height=\"150\" class=\"alignnone size-full wp-image-10889\" \/> <img loading=\"lazy\" decoding=\"async\" src=\"https:\/\/jeltsch.eu\/webblog\/wp-content\/uploads\/2023\/07\/Digital-Dreams-IK70-DSCF5550-4web-150x150-1.jpg\" alt=\"\" width=\"150\" height=\"150\" class=\"alignnone size-full wp-image-10891\" \/> <img loading=\"lazy\" decoding=\"async\" src=\"https:\/\/jeltsch.eu\/webblog\/wp-content\/uploads\/2023\/07\/Bree-Classic-Yellow-Torso-Metal-Bars-Rec.2-Full-DSCF5374-150x150-1.jpg\" alt=\"\" width=\"150\" height=\"150\" class=\"alignnone size-full wp-image-10896\" \/> <img loading=\"lazy\" decoding=\"async\" src=\"https:\/\/jeltsch.eu\/webblog\/wp-content\/uploads\/2023\/07\/Tana-Stripes-DSCF5142-150x150-1.jpg\" alt=\"\" width=\"150\" height=\"150\" class=\"alignnone size-full wp-image-10899\" \/><br \/>\n<img loading=\"lazy\" decoding=\"async\" src=\"https:\/\/jeltsch.eu\/webblog\/wp-content\/uploads\/2023\/07\/YEAH-Tana-DSCF5180-150x150-1.jpg\" alt=\"\" width=\"150\" height=\"150\" class=\"alignnone size-full wp-image-10900\" \/> <img loading=\"lazy\" decoding=\"async\" src=\"https:\/\/jeltsch.eu\/webblog\/wp-content\/uploads\/2023\/07\/Tana-Looky-Look-DSCF5208-P-150x150-1.jpg\" alt=\"\" width=\"150\" height=\"150\" class=\"alignnone size-full wp-image-10902\" \/> <img loading=\"lazy\" decoding=\"async\" src=\"https:\/\/jeltsch.eu\/webblog\/wp-content\/uploads\/2023\/07\/Bree-Triple-DSCF5051-150x150-1.jpg\" alt=\"\" width=\"150\" height=\"150\" class=\"alignnone size-full wp-image-10903\" \/><\/p>\n<p>&nbsp;<\/p>\n<p>Ganzer Artikel\/Umfang:<\/p>\n<p>2248 W\u00f6rter\/15898 Zeichen (inkl. Leerzeichen)<br \/>\n25 Fotoabbildungen im Artikel enthalten<\/p>\n<p>&nbsp;<\/p>\n<p>&nbsp;<\/p>\n<p>&nbsp;<\/p>\n<p>&nbsp;<\/p>\n<p>&nbsp;<\/p>\n<p>&nbsp;<\/p>\n<p>Fotomagazin, Nr. 11\/ November 1990, Seite 104<br \/>\n<strong><br \/>\nPixel f\u00fcr Pixel manipuliert <\/strong><\/p>\n<p>Bildmaterial, S 104: ein Gro\u00dfformatbild 18 x 12 cm, vierfarbig, ein Mal Kleinformatbild 6 x 9 cm, drei Mal Kleinformatbilder, je 5 x 7 cm<\/p>\n<p>&nbsp;<\/p>\n<p><img loading=\"lazy\" decoding=\"async\" src=\"https:\/\/jeltsch.eu\/webblog\/wp-content\/uploads\/2022\/01\/fotomagazin_p2.png\" alt=\"\" width=\"173\" height=\"252\" class=\"alignnone size-full wp-image-3904\" \/><\/p>\n<p><img loading=\"lazy\" decoding=\"async\" src=\"https:\/\/jeltsch.eu\/webblog\/wp-content\/uploads\/2022\/01\/fotomagazin_p1.png\" alt=\"\" width=\"87\" height=\"143\" class=\"alignnone size-full wp-image-3906\" \/>    <\/p>\n<p><img loading=\"lazy\" decoding=\"async\" src=\"https:\/\/jeltsch.eu\/webblog\/wp-content\/uploads\/2022\/01\/fotomagazin_p3.png\" alt=\"\" width=\"286\" height=\"131\" class=\"alignnone size-full wp-image-3902\" \/><\/p>\n<p>&nbsp;<\/p>\n<p>Ganzer Artikel\/Umfang:<\/p>\n<p>247 W\u00f6rter\/1835 Zeichen (inkl. Leerzeichen)<br \/>\n5 Fotoabbildungen im Artikel enthalten<\/p>\n<p>&nbsp;<\/p>\n<p>&nbsp;<\/p>\n<p>&nbsp;<\/p>\n<p>&nbsp;<\/p>\n<p>&nbsp;<\/p>\n<p>&nbsp;<\/p>\n<p>Foto Magazin Nr. 8, August 1991 Seite 40\/41, Rubrik: IMAGE<\/p>\n<p>&nbsp;<\/p>\n<p><em><br \/>\nElektronische Bildbearbeitung<\/em><\/p>\n<p><strong>Manipulieren ohne Chemie. Und Farben aus dem Lichtgriffel. <\/strong><\/p>\n<p>Was selbst K\u00f6nner in der Dunkelkammer nicht schaffen, wird f\u00fcr die Fotok\u00fcnstler von morgen zum Kinderspiel: komplizierte Verfremdungen und Manipulationen am Bildschirm. Der Basler Fotograf Reto Jeltsch nutzt bereits heute die Technik von morgen<\/p>\n<p>Im Artikel enthaltenes Bildmaterial: <\/p>\n<p><img loading=\"lazy\" decoding=\"async\" src=\"https:\/\/jeltsch.eu\/webblog\/wp-content\/uploads\/2023\/07\/Tana-LookyLook-Multiple-DSCF5325-300x200-1.jpg\" alt=\"\" width=\"300\" height=\"200\" class=\"alignnone size-full wp-image-10905\" \/><br \/>\n<em><br \/>\n&#8222;Look Sharp&#8220;, 1987, 10 x 15 cm<\/em><\/p>\n<p>&nbsp;<\/p>\n<p>Ganzer Artikel\/Umfang:<\/p>\n<p>971 W\u00f6rter\/6884 Zeichen (inkl. Leerzeichen)<br \/>\n1 Fotoabbildung im Artikel enthalten (\u201eLook Sharp\u201c)<\/p>\n<p>&nbsp;<\/p>\n<p>&nbsp;<br \/>\n<a href=\"https:\/\/jeltsch.eu\/webblog\/info\/\"><<\/a><\/p>\n<p>&nbsp;<\/p>\n<p>&nbsp;<\/p>\n","protected":false},"excerpt":{"rendered":"<p>&nbsp; &nbsp; &nbsp; Artikel \/ Feature \u00fcber Reto Jeltschs Arbeit mit imagin\u00e4rem Kunstschaffen von Tara Hill, April 2025 &nbsp; Report \u201eTageswoche\u201c, Hans-J\u00f6rg Walter (Text) and Reto Jeltsch (Images) \/ 11.12.2013 Zeitmaschine: Mit dem Spaceshuttle zum Powerpoint Die pixeligen Freizeitaktivit\u00e4ten eines Computergrafikdesigners im Jahre 1988. \u2028Hans-J\u00f6rg Walter (Text) und Reto Jeltsch (Bild) \/ 11.12.2013, 07:38 Uhr &hellip; <a href=\"https:\/\/jeltsch.eu\/webblog\/presseberichte-auflisting\/\" class=\"more-link\"><span class=\"screen-reader-text\">presseberichte\/liste<\/span> weiterlesen <span class=\"meta-nav\">&rarr;<\/span><\/a><\/p>\n","protected":false},"author":3,"featured_media":0,"parent":0,"menu_order":0,"comment_status":"closed","ping_status":"closed","template":"","meta":{"footnotes":""},"_links":{"self":[{"href":"https:\/\/jeltsch.eu\/webblog\/wp-json\/wp\/v2\/pages\/11207"}],"collection":[{"href":"https:\/\/jeltsch.eu\/webblog\/wp-json\/wp\/v2\/pages"}],"about":[{"href":"https:\/\/jeltsch.eu\/webblog\/wp-json\/wp\/v2\/types\/page"}],"author":[{"embeddable":true,"href":"https:\/\/jeltsch.eu\/webblog\/wp-json\/wp\/v2\/users\/3"}],"replies":[{"embeddable":true,"href":"https:\/\/jeltsch.eu\/webblog\/wp-json\/wp\/v2\/comments?post=11207"}],"version-history":[{"count":40,"href":"https:\/\/jeltsch.eu\/webblog\/wp-json\/wp\/v2\/pages\/11207\/revisions"}],"predecessor-version":[{"id":42559,"href":"https:\/\/jeltsch.eu\/webblog\/wp-json\/wp\/v2\/pages\/11207\/revisions\/42559"}],"wp:attachment":[{"href":"https:\/\/jeltsch.eu\/webblog\/wp-json\/wp\/v2\/media?parent=11207"}],"curies":[{"name":"wp","href":"https:\/\/api.w.org\/{rel}","templated":true}]}}