{"id":42302,"date":"2025-11-25T23:12:07","date_gmt":"2025-11-25T23:12:07","guid":{"rendered":"https:\/\/jeltsch.eu\/webblog\/?page_id=42302"},"modified":"2026-03-06T16:38:28","modified_gmt":"2026-03-06T16:38:28","slug":"ultimate-extended-collectors-box-set-life-2027-edition-nyc","status":"publish","type":"page","link":"https:\/\/jeltsch.eu\/webblog\/ultimate-extended-collectors-box-set-life-2027-edition-nyc\/","title":{"rendered":""},"content":{"rendered":"<hr>\n<p>&nbsp;<\/p>\n<p><a href=\"https:\/\/jeltsch.eu\/webblog\/wp-content\/uploads\/2025\/09\/Box-IMG_4966-PBW-Silver-Hella-k3-scaled.jpg\"><img loading=\"lazy\" decoding=\"async\" src=\"https:\/\/jeltsch.eu\/webblog\/wp-content\/uploads\/2025\/09\/Box-IMG_4966-PBW-Silver-Hella-k3-225x300.jpg\" alt=\"\" width=\"425\" height=\"500\" class=\"aligncenter size-medium wp-image-41680\" \/><\/a><\/p>\n<p>&nbsp;<\/p>\n<hr>\n<p>\u00abExtended Collectors Box Set LIFE\u00bb (NYC), 2027<\/p>\n<hr>\n<p>Verf\u00fcgbarkeit: 2027\/2028<\/p>\n<p>Preis: CHF 18&#8217;888.00<\/p>\n<hr>\n<p>&nbsp;<\/p>\n<p><strong>\u00abExtended Collectors Box Set LIFE\u00bb (NYC)<\/strong><\/p>\n<p>Die zweite Edition des Werks \u00ab(Pedestal for) Life \/ Imagination for New York City\u00bb wird in Form eines \u00abExtended Collectors Box Set\u00bb ausgegeben. <\/p>\n<p>Dieses Set repr\u00e4sentiert die exklusivste Form der Ausgabe und wurde f\u00fcr Sammler*innen, Museen und Institutionen konzipiert, die das Werk in seiner materiellen und immateriellen Gesamtheit erfassen m\u00f6chten.<\/p>\n<p>Das Extended Box Set umfasst eine Kollektion von signierten, unikaten Einzelst\u00fccken und Dokumenten, die im Zusammenhang mit dem Werk \u00ab(Pedestal for) Life \/ Imagination for New York City\u00bb entstanden sind.<\/p>\n<p>Darunter befindet sich eine weisse Postkarte mit einer Grammatur von 600 Gramm, auf deren Frontseite eine etwas l\u00e4ngere Textversion des Werks in hellgrauen Grossbuchstaben abgedruckt ist. Die signierte Postkarte datiert, wie auf der R\u00fcckseite vermerkt, auf das Jahr 1995. Sie war Teil eines eigens daf\u00fcr hergestellten, beschrifteten Dispensers aus weissem Kunststoff, den der K\u00fcnstler selbst f\u00fcr den tempor\u00e4ren Einsatz im \u00f6ffentlichen Raum angefertigt hat. Auf der R\u00fcckseite der Postkarte befindet sich au\u00dferdem eine deutsche Sprachfassung der Textanleitung. *<\/p>\n<p>Weiter im Set enthalten ist ein Schwarzwei\u00df-Druck als Fine Art Print auf Mattpapier im Format DIN-A4, der die Installation des Werks auf dem Theaterplatz in Basel aus dem Jahr 2001 fotografisch dokumentiert.<\/p>\n<p>Das dritte enthaltene Element besteht aus einer beschrifteten Metallkarte aus Aluminium mit abgerundeten Ecken im Visitenkartenformat. Die Karte enth\u00e4lt dieselbe Textfassung wie die Gravur des Textst\u00e4nders (Original Text Edition NYC). Aufgrund ihrer kompakten Abmessungen kann sie problemlos \u00fcberall hin mitgenommen werden, um die Vorstellung an daf\u00fcr vorgesehenen Orten zu visualisieren<\/p>\n<p>Das Kronjuwel dieser erweiterten, exklusiven Sammlerkollektion stellt aber zweifellos das Einzelexemplar des Metallst\u00e4nders aus Edelstahl dar, dessen Textplatte mit einer Tiefengravur des l\u00e4ngeren Textinhalts der urpr\u00fcnglichen \u00abOriginal Text Edition NYC\u00bb von 1993\/1994 versehen ist. <\/p>\n<p>Der Metallst\u00e4nder mit Texttafel ist prim\u00e4r zur Installation im\u00a0 \u00f6ffentlichen Raum gedacht. Es ist aber auch denkbar, ihn in Galerienschaufenstern oder in Innenr\u00e4umen mit gro\u00dffl\u00e4chigen, zur Stra\u00dfe hin gelegenen Glasfronten einzurichten.<\/p>\n<p>&nbsp;<\/p>\n<p>* \u2028Der Postkartendispenser fand letztlich nur f\u00fcr kurze Zeit bei zwei Ausstellungen Verwendung und existiert unterdessen nur noch im Rahmen eines digitalen <a href=\"https:\/\/www.youtube.com\/watch?v=zKu4q92J4fI\" rel=\"noopener\" target=\"_blank\">Videodokuments<\/a> der Ausstellung \u00abreTROspektiv : jeltsch\u00bb auf YouTube (zu sehen gleich nach Beginn bei Abspieldauer 00:14 min.).<\/p>\n<p>&nbsp;<\/p>\n<hr>\n<p>&nbsp;<\/p>\n<p><strong>Produktinfo \u00abExtended Collectors Box Set\u00bb (NYC):<\/strong><\/p>\n<p>Auflage:<br \/>\n1<\/p>\n<p>Gr\u00f6sse<br \/>\n\u202831.3 x 22.2 cm<\/p>\n<p>Material \/ Box:\u2028<br \/>\nMetallblech<\/p>\n<p>Enthaltene Druckexemplare + Metallst\u00e4nder mit Textplatte:<br \/>\n4<\/p>\n<p>1 x Postkarte, 600 Gramm, 10 x 15 cm (1995), signiert und nummeriert, Auflage:<br \/>\n1\/1<\/p>\n<p>\u20281 x Fine Art Print, Tintenstrahldruck, DIN-A4 (2025), signiert und nummeriert, Auflage:<br \/>\n1\/1<\/p>\n<p>1 x Laserdruck auf Aluminium, 54 x 86 mm (2026), signiert und nummeriert, Auflage:<br \/>\n1\/1<\/p>\n<p>1 x Metallst\u00e4nder mit Textplatte, Edelstahl (2026), signiert und nummeriert inkl. Zertifikat, Auflage:<br \/>\n1\/1<\/p>\n<p>&nbsp;<\/p>\n<hr>\n<p>&nbsp;<\/p>\n<p><a href=\"https:\/\/jeltsch.eu\/webblog\/wp-content\/uploads\/2023\/09\/00-BG-RAUM-Noei-STAENDER.2-16x24-100-WHT-k.jpg\"><img loading=\"lazy\" decoding=\"async\" src=\"https:\/\/jeltsch.eu\/webblog\/wp-content\/uploads\/2023\/09\/00-BG-RAUM-Noei-STAENDER.2-16x24-100-WHT-k.jpg\" alt=\"\" width=\"1445\" height=\"630\" class=\"aligncenter size-full wp-image-18349\" \/><\/a><\/p>\n<p>\u00ab(Pedestal for) Life \/ Imagination for New York City\u00bb, NYC Text Edition, 1993\/2028, Metallst\u00e4nder mit Textplatte<\/p>\n<p>&nbsp;<\/p>\n<hr>\n<p>&nbsp;<\/p>\n<p><strong>Produktinfos Metallst\u00e4nder mit Textplatte:<\/strong><\/p>\n<p>Exemplare<br \/>\n1<\/p>\n<p>H\u00f6he:<br \/>\n115 cm<\/p>\n<p>Breite:<br \/>\n38 cm<\/p>\n<p>Tiefe:<br \/>\n38 cm<\/p>\n<p>Durchmesser (Stange):<br \/>\n10 mm<\/p>\n<p>Material:<br \/>\nEdelstahl<\/p>\n<p>Technik:<br \/>\nTiefengravur<\/p>\n<p>Datum:<br \/>\n2028<\/p>\n<p>Signatur:<br \/>\nsigniert und nummeriert auf mitgeliefertem Zertifikat<\/p>\n<p>&nbsp;<\/p>\n<hr>\n<p>&nbsp;<\/p>\n<p><a href=\"https:\/\/jeltsch.eu\/webblog\/shop\/\"><<\/a><\/p>\n","protected":false},"excerpt":{"rendered":"<p>&nbsp; &nbsp; \u00abExtended Collectors Box Set LIFE\u00bb (NYC), 2027 Verf\u00fcgbarkeit: 2027\/2028 Preis: CHF 18&#8217;888.00 &nbsp; \u00abExtended Collectors Box Set LIFE\u00bb (NYC) Die zweite Edition des Werks \u00ab(Pedestal for) Life \/ Imagination for New York City\u00bb wird in Form eines \u00abExtended Collectors Box Set\u00bb ausgegeben. Dieses Set repr\u00e4sentiert die exklusivste Form der Ausgabe und wurde f\u00fcr &hellip; <a href=\"https:\/\/jeltsch.eu\/webblog\/ultimate-extended-collectors-box-set-life-2027-edition-nyc\/\" class=\"more-link\"><span class=\"screen-reader-text\"><\/span> weiterlesen <span class=\"meta-nav\">&rarr;<\/span><\/a><\/p>\n","protected":false},"author":3,"featured_media":0,"parent":0,"menu_order":0,"comment_status":"closed","ping_status":"closed","template":"","meta":{"footnotes":""},"_links":{"self":[{"href":"https:\/\/jeltsch.eu\/webblog\/wp-json\/wp\/v2\/pages\/42302"}],"collection":[{"href":"https:\/\/jeltsch.eu\/webblog\/wp-json\/wp\/v2\/pages"}],"about":[{"href":"https:\/\/jeltsch.eu\/webblog\/wp-json\/wp\/v2\/types\/page"}],"author":[{"embeddable":true,"href":"https:\/\/jeltsch.eu\/webblog\/wp-json\/wp\/v2\/users\/3"}],"replies":[{"embeddable":true,"href":"https:\/\/jeltsch.eu\/webblog\/wp-json\/wp\/v2\/comments?post=42302"}],"version-history":[{"count":72,"href":"https:\/\/jeltsch.eu\/webblog\/wp-json\/wp\/v2\/pages\/42302\/revisions"}],"predecessor-version":[{"id":42617,"href":"https:\/\/jeltsch.eu\/webblog\/wp-json\/wp\/v2\/pages\/42302\/revisions\/42617"}],"wp:attachment":[{"href":"https:\/\/jeltsch.eu\/webblog\/wp-json\/wp\/v2\/media?parent=42302"}],"curies":[{"name":"wp","href":"https:\/\/api.w.org\/{rel}","templated":true}]}}