{"id":7351,"date":"2023-01-04T21:22:02","date_gmt":"2023-01-04T21:22:02","guid":{"rendered":"https:\/\/jeltsch.eu\/webblog\/?page_id=7351"},"modified":"2026-03-14T20:10:31","modified_gmt":"2026-03-14T20:10:31","slug":"gedankenskulptur-konzept","status":"publish","type":"page","link":"https:\/\/jeltsch.eu\/webblog\/gedankenskulptur-konzept\/","title":{"rendered":"gedankenskulptur \/ grundlagen"},"content":{"rendered":"<hr>\n<p>&nbsp;<\/p>\n<p>Angeregt durch die \u00dcberlegungen verschiedener K\u00fcnstler, die sich seit Beginn des letzten Jahrhunderts mit konzeptueller Kunst besch\u00e4ftigen, begann im Herbst 1991 die Erkundung der M\u00f6glichkeiten, mit imagin\u00e4rer Kunst zu arbeiten.<\/p>\n<p>Dieser Arbeitsprozess wurde ma\u00dfgeblich durch die Lekt\u00fcre des 1894 ver\u00f6ffentlichten Buchs \u201eDie Philosophie der Freiheit\u201c des \u00f6sterreichischen Philosophen und Architekten Rudolf Steiner beeinflusst. Einer der Kernpunkte des Buchs, dass das Denken selbst bereits ein \u201eunsichtbarer plastischer Prozess\u201c sei, wurde Jahrzehnte sp\u00e4ter auch vom deutschen K\u00fcnstler Joseph Beuys aufgegriffen, der in diesem Zusammenhang auch den Begriff der \u201eGedankenskulptur\u201c umschrieb.<\/p>\n<p>Dies f\u00fchrte 1992 zu einem erweiterten Konzept, wie sich gedankliche Objekte und Vorstellungen auf eher spielerische und poetische Weise in einem reinen Kunstkontext schaffen und installieren lassen, w\u00e4hrend Steiner und Beuys den sozialen Charakter dieses Themas betonten, was Beuys unter anderem in Form der sogenannten &#8222;Sozialen Plastik&#8220; zum Ausdruck brachte.<\/p>\n<p>Von der von Steiner und Beuys definierten Grundlage ausgehend, dass allein ein Gedanke eine Skulptur sein kann, h\u00e4lt Jeltsch weiter fest, wie gedankliche Vorstellungen in einem Kunstkontext mit Hilfe von Worten definiert werden k\u00f6nnen \u2013 Form, Gr\u00f6\u00dfe, Beschaffenheit von Material und Oberfl\u00e4che m\u00fcssen in der Folge aber nicht materialisiert werden, um als Skulptur zu gelten, sondern k\u00f6nnen rein in der Vorstellung existieren. Dabei k\u00f6nnen auch nicht real existierende Materialien verwendet werden \u2013 auf diese Weise entstehen vermeintlich feste Objekte aus Grundstoffen wie Nebel, Mondlicht und Wolken; diese k\u00f6nnen aber auch durch die optische Umsetzung von Ger\u00fcchen oder sprachlichen Ausdrucksformen und damit verbundenen Gef\u00fchlen oder auch einfach durch Assoziationen im Allgemeinen geschaffen werden. Auch Kl\u00e4nge oder Ger\u00e4usche k\u00f6nnen auf diese Weise verarbeitet werden.<\/p>\n<p>Die jeweils auf Texttafeln definierten Vorstellungen werden anschlie\u00dfend visualisiert und in den vorgesehenen Raum projiziert, wobei Vorstellungen in Innen- oder Au\u00dfenr\u00e4umen installiert werden k\u00f6nnen.<\/p>\n<p>Weitere, detaillierte Einblicke in Vorgeschichte und Hintergr\u00fcnde dieser konzeptuellen Arbeit gibt folgender Link:<\/p>\n<p><a href=\"https:\/\/jeltsch.eu\/webblog\/nebuloese-vorstellungen-von-butter-schneefall-ein-moegliches-interview\/\" rel=\"noopener\" target=\"_blank\">Erl\u00e4uterungen und Hintergrundinformationen zur Arbeit mit imagin\u00e4rer Kunst: (ein) m\u00f6gliches Interview<\/a><\/p>\n<p>&nbsp;<\/p>\n<hr>\n<p>&nbsp;<\/p>\n<p><em>Anmerkung: Grundlagen und Werke, die sich mit imagin\u00e4rer Kunst besch\u00e4ftigen, wurden bereits seit Beginn des letzten Jahrhunderts von verschiedenen K\u00fcnstlern geschaffen. Neben Joseph Beuys ist in diesem Zusammenhang besonders das Werk der deutschen K\u00fcnstlerin Elsa von Freytag-Loringhoven und des franz\u00f6sischen K\u00fcnstlers Marcel Duchamp hervorzuheben, die bereits zu Beginn des letzten Jahrhunderts konzeptuelle Kunstwerke schufen, die f\u00fcr nachfolgende Generationen richtungsweisend waren. Weitere Protagonisten, die einen starken Einfluss auf diese Kunstrichtung hatten, sind auch Yoko Ono, John Baldessari, John Cage, Yves Klein und andere K\u00fcnstler, die vor allem in den 60er Jahren des letzten Jahrhunderts relevante Werke zu diesem Thema geschaffen haben.<br \/>\nHinweise auf diese K\u00fcnstler und ihre Werke finden sich im Kapitel <a href=\"https:\/\/jeltsch.eu\/webblog\/links\/\" rel=\"noopener\" target=\"_blank\">Links<\/a> dieser Website<\/em><\/p>\n<p>&nbsp;<\/p>\n<hr>\n<p>&nbsp;<\/p>\n<p><a href=\"https:\/\/jeltsch.eu\/webblog\/alba-imago-museum-3\/\">alba.imago.museum<\/a><\/p>\n<p>&nbsp;<\/p>\n","protected":false},"excerpt":{"rendered":"<p>&nbsp; Angeregt durch die \u00dcberlegungen verschiedener K\u00fcnstler, die sich seit Beginn des letzten Jahrhunderts mit konzeptueller Kunst besch\u00e4ftigen, begann im Herbst 1991 die Erkundung der M\u00f6glichkeiten, mit imagin\u00e4rer Kunst zu arbeiten. Dieser Arbeitsprozess wurde ma\u00dfgeblich durch die Lekt\u00fcre des 1894 ver\u00f6ffentlichten Buchs \u201eDie Philosophie der Freiheit\u201c des \u00f6sterreichischen Philosophen und Architekten Rudolf Steiner beeinflusst. Einer &hellip; <a href=\"https:\/\/jeltsch.eu\/webblog\/gedankenskulptur-konzept\/\" class=\"more-link\"><span class=\"screen-reader-text\">gedankenskulptur \/ grundlagen<\/span> weiterlesen <span class=\"meta-nav\">&rarr;<\/span><\/a><\/p>\n","protected":false},"author":3,"featured_media":0,"parent":0,"menu_order":0,"comment_status":"closed","ping_status":"closed","template":"","meta":{"footnotes":""},"_links":{"self":[{"href":"https:\/\/jeltsch.eu\/webblog\/wp-json\/wp\/v2\/pages\/7351"}],"collection":[{"href":"https:\/\/jeltsch.eu\/webblog\/wp-json\/wp\/v2\/pages"}],"about":[{"href":"https:\/\/jeltsch.eu\/webblog\/wp-json\/wp\/v2\/types\/page"}],"author":[{"embeddable":true,"href":"https:\/\/jeltsch.eu\/webblog\/wp-json\/wp\/v2\/users\/3"}],"replies":[{"embeddable":true,"href":"https:\/\/jeltsch.eu\/webblog\/wp-json\/wp\/v2\/comments?post=7351"}],"version-history":[{"count":97,"href":"https:\/\/jeltsch.eu\/webblog\/wp-json\/wp\/v2\/pages\/7351\/revisions"}],"predecessor-version":[{"id":42628,"href":"https:\/\/jeltsch.eu\/webblog\/wp-json\/wp\/v2\/pages\/7351\/revisions\/42628"}],"wp:attachment":[{"href":"https:\/\/jeltsch.eu\/webblog\/wp-json\/wp\/v2\/media?parent=7351"}],"curies":[{"name":"wp","href":"https:\/\/api.w.org\/{rel}","templated":true}]}}