{"id":7569,"date":"2023-01-06T11:30:50","date_gmt":"2023-01-06T11:30:50","guid":{"rendered":"https:\/\/jeltsch.eu\/webblog\/?page_id=7569"},"modified":"2025-12-18T03:36:58","modified_gmt":"2025-12-18T03:36:58","slug":"chronologie","status":"publish","type":"page","link":"https:\/\/jeltsch.eu\/webblog\/chronologie\/","title":{"rendered":"gedankenskulptur: chronologie"},"content":{"rendered":"<p>&nbsp;<\/p>\n<p>1991<br \/>\nErste \u00dcberlegungen zum Thema \u201eImagin\u00e4re Objekte\u201c\/Gedanken als Skulptur im Zusammenhang mit Kunst<\/p>\n<p>1992<br \/>\nErste Umsetzung von Textentw\u00fcrfen f\u00fcr gedankenplastische Arbeiten\/Vorstellungen. Beginn mit der Ausarbeitung eines erweiterten Konzepts im Kunstkontext auf Basis der von Rudolf Steiner und Joseph Beuys definierten Grundlage, dass allein ein Gedanke eine Skulptur sein kann und Festlegung auf den Oberbegriff \u201eGedankenskulptur\u201c. In der Folge Ausarbeitung von Textdefinitionen und Fertigstellung erster Arbeiten wie \u201eDemut\u201c, \u201eDer Geruch von Schnee\u201c und \u201eLokonoize\u201c<\/p>\n<p>1993<br \/>\nVorstellung \u201eWhite\u201c (Imagination for NYC); Ausarbeitung diverser weiterer Gedankenskulpturen\/Gedankeninstallationen<br \/>\nPlakataktion\/Gedankeninstallation \u201eEngland\u201c, Soho\/New York City<br \/>\nErster Grundrissplan \u201eMuseum im Kopf (MIK)\u201c<\/p>\n<p>1994<br \/>\nGedankenskulptur \u201eMattglasbaustein\u201c; \u00f6ffentliche Grundsteinlegung \u201eMuseum im Kopf\u201c im Rahmen einer halbseitigen Inseratenanzeige im Schweizer Kunstmagazin \u201cARTIS\u201d, 5\/94<br \/>\nPlakataktion\/Gedankeninstallation \u201eKleiner Mondlichtspeicher\u201c, Basel<br \/>\nF + P Galerie, Basel, Schriftbildobjekte\/ Gedankeninstallationen; Einzelausstellung<br \/>\n24. Basellandschaftliche Kunstausstellung, M\u00fcnchenstein; Schriftbildobjekte\/Gedankenskulptur<\/p>\n<p>1995<br \/>\nPlakataktion\/Gedankeninstallation \u201e12 kleine Mondlichtspeicher f\u00fcr Zermatt\u201c, Zermatt<br \/>\nKunsthalle Basel, Jahresausstellung, Schriftbildobjekt \u201eStille\u201c<br \/>\nPresseartikel: Basellandschaftliche Zeitung (BZ), Rubrik: Dorneck\/Thierstein, Donnerstag, 17. Februar 1994, S. 23: erstmalige \u00f6ffentliche Erw\u00e4hnung des Begriffs &#8222;Gedankenskulptur&#8220; im Zusammenhang des halbseitigen K\u00fcnstlerportraits <\/p>\n<p>1996<br \/>\nAusstellungsraum Klingental, Jahresausstellung; Schriftbildobjekte<\/p>\n<p>1997<br \/>\nApart23, Schriftbildobjekte\/Gedankeninstallationen; Einzelausstellung Kunstverein Baselland, Untere Fabrik, Sissach, Schriftbildobjekte<\/p>\n<p>1998<br \/>\nBasler Zeitung, 28.10.1998\/Rubrik: Basel Stadt, S.35 &#8222;Verk\u00f6rperung von Gedanken&#8220;- Presseartikel von Georg Schmidt zur Ausstellung im Ausstellungsraum Ximo43 in Basel<\/p>\n<p>1999<br \/>\nAusstellungsraum Ximo43, Basel, Schriftbildobjekte, Einzelausstellung<br \/>\nSelection`99, Kunsthaus Baselland, Muttenz<\/p>\n<p>2001<br \/>\nGundeldinger Kunsthalle Basel; Schriftbildobjekte\/Gedankeninstallationen, Einzelausstellung- w\u00e4hrend der Dauer der Ausstellung sind im Oktober die folgenden Gedankeninstallationen im \u00f6ffentlichen Raum zu sehen: GI \u201eWeiss\u201c, Theaterplatz, Basel \/ GI \u201eLiebe\u201c, Elisabethenkirche Basel \/ GI \u201eSchneefall\u201c, Unternehmen Mitte, Basel \/  Presseartikel zur Ausstellung, Basler Zeitung, Agenda; 13.09.2001; Nummer 37; Seite 15\/Expositions\/Reto Jeltsch \u2013 eine Retrospektive in der Gundeldinger Kunsthalle\u2028\u2028: &#8222;Bildringen&#8220; von Adrian Aebi<br \/>\nPresseartikel in \u201eForte\u201c, Nr. 3, September 2001, Viertelj\u00e4hrliche Publikation\/Magazin der Schweizerischen Multiple Sklerose Gesellschaft, S. 25<br \/>\nGedankenskulpturen in Basel<br \/>\nGallery First Row, Basel; Schriftbildobjekte, Basler Zeitung: Presseartikel zur Ausstellung<\/p>\n<p>2002<br \/>\nARC, Freiburg\/Deutschland; Einzelausstellung, Schriftbildobjekte<\/p>\n<p>2005<br \/>\nErste Erw\u00e4hnung des MIK im Internet im Rahmen der Webseite jeltsch.eu<\/p>\n<p>006<br \/>\nAusstellungsraum Hebel 121, Basel; (Almost) Ready-Made<br \/>\n2011<br \/>\n\u00dcberarbeitung des Projekts- neue Form, Grundrissfl\u00e4che und Name; das Projekt heisst jetzt alba.imago.museum<\/p>\n<p>2012<br \/>\nPlanung und Ausarbeitung von weiteren diversen Gedankeninstallationen im \u00f6ffentlichen Raum<\/p>\n<p>2013<br \/>\nPataphysisches Institut Basel (PIB), Gedankeninstallationen<\/p>\n<p>2014<br \/>\nPataphysisches Institut Basel (PIB), Schriftbildobjekte\/Gedankeninstallation<\/p>\n<p>2015<br \/>\nDas f\u00fcr Fr\u00fchjahr geplante Preview der Webseite \u201eDie Gedankenskulptur\u201c inklusive des aktuellen Kapitels \u201eDie Gedankenskulptur im \u00f6ffentlichen Raum\u201c wird auf 2016 verschoben. Auf der Webseite wird neben der Idee und dem Konzept der Gedankenskulptur auch eine umfassende Sammlung von Arbeiten dokumentiert, die in den letzten 24 Jahren im Rahmen der Auseinandersetzung mit diesem Projekt entstanden sind<\/p>\n<p>2016<br \/>\nOffizielle Ver\u00f6ffentlichung der Webseite gedankenskulptur.ch<br \/>\nPetershof Basel, Schriftbildobjekte\/Gedankeninstallationen<\/p>\n<p>2020<br \/>\nUmbenennung der Gedankeninstallation &#8222;White (Imagination for NYC) &#8211; die neue Titelbezeichnung lautet jetzt: &#8222;Pedestal for Life \/ Imagination for New York City&#8220;<\/p>\n<p>2023<br \/>\nArtbox Rio-Bar, Basel, &#8222;(Pedestal for) Life\/Imagination for New York City&#8220;, Gedankeninstallation, fr\u00fche Basistext-Edition, Barf\u00fcsserplatz, Basel &#8211; Plakat<\/p>\n<p>&nbsp;<\/p>\n<p><a href=\"https:\/\/jeltsch.eu\/webblog\/seiten-deutsch\/\"><<\/a><\/p>\n<p>&nbsp;<\/p>\n","protected":false},"excerpt":{"rendered":"<p>&nbsp; 1991 Erste \u00dcberlegungen zum Thema \u201eImagin\u00e4re Objekte\u201c\/Gedanken als Skulptur im Zusammenhang mit Kunst 1992 Erste Umsetzung von Textentw\u00fcrfen f\u00fcr gedankenplastische Arbeiten\/Vorstellungen. Beginn mit der Ausarbeitung eines erweiterten Konzepts im Kunstkontext auf Basis der von Rudolf Steiner und Joseph Beuys definierten Grundlage, dass allein ein Gedanke eine Skulptur sein kann und Festlegung auf den Oberbegriff &hellip; <a href=\"https:\/\/jeltsch.eu\/webblog\/chronologie\/\" class=\"more-link\"><span class=\"screen-reader-text\">gedankenskulptur: chronologie<\/span> weiterlesen <span class=\"meta-nav\">&rarr;<\/span><\/a><\/p>\n","protected":false},"author":3,"featured_media":0,"parent":0,"menu_order":0,"comment_status":"closed","ping_status":"closed","template":"","meta":{"footnotes":""},"_links":{"self":[{"href":"https:\/\/jeltsch.eu\/webblog\/wp-json\/wp\/v2\/pages\/7569"}],"collection":[{"href":"https:\/\/jeltsch.eu\/webblog\/wp-json\/wp\/v2\/pages"}],"about":[{"href":"https:\/\/jeltsch.eu\/webblog\/wp-json\/wp\/v2\/types\/page"}],"author":[{"embeddable":true,"href":"https:\/\/jeltsch.eu\/webblog\/wp-json\/wp\/v2\/users\/3"}],"replies":[{"embeddable":true,"href":"https:\/\/jeltsch.eu\/webblog\/wp-json\/wp\/v2\/comments?post=7569"}],"version-history":[{"count":23,"href":"https:\/\/jeltsch.eu\/webblog\/wp-json\/wp\/v2\/pages\/7569\/revisions"}],"predecessor-version":[{"id":42510,"href":"https:\/\/jeltsch.eu\/webblog\/wp-json\/wp\/v2\/pages\/7569\/revisions\/42510"}],"wp:attachment":[{"href":"https:\/\/jeltsch.eu\/webblog\/wp-json\/wp\/v2\/media?parent=7569"}],"curies":[{"name":"wp","href":"https:\/\/api.w.org\/{rel}","templated":true}]}}