{"id":7684,"date":"2023-01-07T17:55:00","date_gmt":"2023-01-07T17:55:00","guid":{"rendered":"https:\/\/jeltsch.eu\/webblog\/?page_id=7684"},"modified":"2026-02-18T01:37:18","modified_gmt":"2026-02-18T01:37:18","slug":"seiten-deutsch","status":"publish","type":"page","link":"https:\/\/jeltsch.eu\/webblog\/seiten-deutsch\/","title":{"rendered":"gedankenskulptur etc. \/ deutsch"},"content":{"rendered":"<hr>\n<p>&nbsp;<\/p>\n<p><a href=\"https:\/\/jeltsch.eu\/webblog\/gedankenskulptur-konzept\/\">gedankenskulptur: grundlagen<\/a><\/p>\n<p><a href=\"https:\/\/jeltsch.eu\/webblog\/alba-imago-museum-3\/\">alba.imago.museum<\/a><\/p>\n<p><a href=\"https:\/\/jeltsch.eu\/webblog\/objekte\/\">objekte<\/a><\/p>\n<p><a href=\"https:\/\/jeltsch.eu\/webblog\/gedankeninstallation-uebersicht\/\">gedankeninstallationen \/ \u00fcbersicht<\/a><\/p>\n<p><a href=\"https:\/\/jeltsch.eu\/webblog\/alba-imago-museum\/\">alba.imago.museum &#8211; bildserie\/visualisierung<\/a><\/p>\n<p><a href=\"https:\/\/jeltsch.eu\/webblog\/nebuloese-vorstellungen-von-butter-schneefall-ein-moegliches-interview\/\">erl\u00e4uterungen und Hintergrundinformationen zur Arbeit mit imagin\u00e4rer Kunst: (ein) m\u00f6gliches Interview<\/a> &#8211; (ein) m\u00f6gliches Interview<\/p>\n<p><a href=\"https:\/\/jeltsch.eu\/webblog\/chronologie\/\">gedankenskulptur: chronologie<\/a><\/p>\n<p><a href=\"https:\/\/jeltsch.eu\/webblog\/albaas\/\">alba:as<\/a><\/p>\n<p><a href=\"https:\/\/jeltsch.eu\/webblog\/malerei-o-bu\/\">malerei<\/a><\/p>\n<p><a href=\"https:\/\/jeltsch.eu\/webblog\/ausstellungen-auswahl\/\">ausstellungen (auswahl)<\/a><\/p>\n<p><a href=\"https:\/\/jeltsch.eu\/webblog\/presseberichte-auflisting\/\">presse<\/a><\/p>\n<p>&nbsp;<\/p>\n<hr>\n<p>&nbsp;<\/p>\n<p><strong>kurzbiographie:<\/strong><\/p>\n<p>freie besch\u00e4ftigung mit photographie, sprache und kreativem ausdruck diverser art<br \/>\nprofessionelle arbeit mit computergrafikdesign bis 1991<\/p>\n<p>ausstellungst\u00e4tigkeit seit 1985; ausschliessliche besch\u00e4ftigung mit bildender kunst seit 1991<\/p>\n<p><a href=\"https:\/\/jeltsch.eu\/webblog\/artikel-tara-hill-reto-jeltsch\/\" rel=\"noopener\" target=\"_blank\">ausf\u00fchrlicher artikel zu jeltschs arbeit mit imagin\u00e4rer kunst<\/a> sowie anderen gebieten seines vielf\u00e4ltigen kunstschaffens von kulturjournalistin tara hill, april 2025<\/p>\n<p>&nbsp;<\/p>\n<hr>\n<p>info\/contact:<\/p>\n<p>jeltsch@jeltsch.eu<br \/>\nretojeltsch@yahoo.de<\/p>\n<hr>\n","protected":false},"excerpt":{"rendered":"<p>&nbsp; gedankenskulptur: grundlagen alba.imago.museum objekte gedankeninstallationen \/ \u00fcbersicht alba.imago.museum &#8211; bildserie\/visualisierung erl\u00e4uterungen und Hintergrundinformationen zur Arbeit mit imagin\u00e4rer Kunst: (ein) m\u00f6gliches Interview &#8211; (ein) m\u00f6gliches Interview gedankenskulptur: chronologie alba:as malerei ausstellungen (auswahl) presse &nbsp; &nbsp; kurzbiographie: freie besch\u00e4ftigung mit photographie, sprache und kreativem ausdruck diverser art professionelle arbeit mit computergrafikdesign bis 1991 ausstellungst\u00e4tigkeit seit 1985; &hellip; <a href=\"https:\/\/jeltsch.eu\/webblog\/seiten-deutsch\/\" class=\"more-link\"><span class=\"screen-reader-text\">gedankenskulptur etc. \/ deutsch<\/span> weiterlesen <span class=\"meta-nav\">&rarr;<\/span><\/a><\/p>\n","protected":false},"author":3,"featured_media":0,"parent":0,"menu_order":0,"comment_status":"closed","ping_status":"closed","template":"","meta":{"footnotes":""},"_links":{"self":[{"href":"https:\/\/jeltsch.eu\/webblog\/wp-json\/wp\/v2\/pages\/7684"}],"collection":[{"href":"https:\/\/jeltsch.eu\/webblog\/wp-json\/wp\/v2\/pages"}],"about":[{"href":"https:\/\/jeltsch.eu\/webblog\/wp-json\/wp\/v2\/types\/page"}],"author":[{"embeddable":true,"href":"https:\/\/jeltsch.eu\/webblog\/wp-json\/wp\/v2\/users\/3"}],"replies":[{"embeddable":true,"href":"https:\/\/jeltsch.eu\/webblog\/wp-json\/wp\/v2\/comments?post=7684"}],"version-history":[{"count":54,"href":"https:\/\/jeltsch.eu\/webblog\/wp-json\/wp\/v2\/pages\/7684\/revisions"}],"predecessor-version":[{"id":42556,"href":"https:\/\/jeltsch.eu\/webblog\/wp-json\/wp\/v2\/pages\/7684\/revisions\/42556"}],"wp:attachment":[{"href":"https:\/\/jeltsch.eu\/webblog\/wp-json\/wp\/v2\/media?parent=7684"}],"curies":[{"name":"wp","href":"https:\/\/api.w.org\/{rel}","templated":true}]}}