{"id":8242,"date":"2023-01-15T17:12:37","date_gmt":"2023-01-15T17:12:37","guid":{"rendered":"https:\/\/jeltsch.eu\/webblog\/?page_id=8242"},"modified":"2025-08-30T22:22:41","modified_gmt":"2025-08-30T22:22:41","slug":"sculpture-trouvee-tete-dhomme-found-sculpture-in-public-space","status":"publish","type":"page","link":"https:\/\/jeltsch.eu\/webblog\/sculpture-trouvee-tete-dhomme-found-sculpture-in-public-space\/","title":{"rendered":""},"content":{"rendered":"<hr>\n<p>&nbsp;<\/p>\n<p><img loading=\"lazy\" decoding=\"async\" src=\"https:\/\/jeltsch.eu\/webblog\/wp-content\/uploads\/2023\/01\/Scul-Trouvee-Zueri-DSC00219.jpg\" alt=\"\" width=\"640\" height=\"480\" class=\"aligncenter size-full wp-image-8241\" srcset=\"https:\/\/jeltsch.eu\/webblog\/wp-content\/uploads\/2023\/01\/Scul-Trouvee-Zueri-DSC00219.jpg 640w, https:\/\/jeltsch.eu\/webblog\/wp-content\/uploads\/2023\/01\/Scul-Trouvee-Zueri-DSC00219-300x225.jpg 300w\" sizes=\"(max-width: 640px) 100vw, 640px\" \/><\/p>\n<p>\u201eSculpture Trouv\u00e9e (Tete d\u2019Homme)\u201c, 2013, Reto Jeltsch, ready-made sculpture\/situation trouv\u00e9e, railroad embankment near art locations L\u00f6wenbr\u00e4u, Limmatstrasse 270, Z\u00fcrich<\/p>\n<p>&nbsp;<\/p>\n<hr>\n<p>&nbsp;<\/p>\n<p>The &#8222;Ready-Made&#8220; sculpture in public space can be found at waist height in one of the stone blocks that form the railroad embankment pillar on Limmatstrasse near the art location L\u00f6wenbr\u00e4u. From the stop \u201eDammweg\u201c (streetcar lines 4 &#038; 13) the <a href=\"https:\/\/www.google.ch\/maps\/place\/L%C3%B6wenbr%C3%A4ukunst+Areal\/@47.3881809,8.5269137,16z\/data=!4m5!3m4!1s0x47900a6ade0120c1:0x14de701c3b986d67!8m2!3d47.3892432!4d8.5253273\">location<\/a> can be reached in a few steps via the footpath, which leads on the left side of the street in the direction of the city to the railroad embankment<\/p>\n<p>&nbsp;<\/p>\n<hr>\n<p>&nbsp;<\/p>\n<p><a href=\"https:\/\/jeltsch.eu\/webblog\/imaginations\/\"><<\/a><\/p>\n<p>&nbsp;<\/p>\n","protected":false},"excerpt":{"rendered":"<p>&nbsp; \u201eSculpture Trouv\u00e9e (Tete d\u2019Homme)\u201c, 2013, Reto Jeltsch, ready-made sculpture\/situation trouv\u00e9e, railroad embankment near art locations L\u00f6wenbr\u00e4u, Limmatstrasse 270, Z\u00fcrich &nbsp; &nbsp; The &#8222;Ready-Made&#8220; sculpture in public space can be found at waist height in one of the stone blocks that form the railroad embankment pillar on Limmatstrasse near the art location L\u00f6wenbr\u00e4u. From the &hellip; <a href=\"https:\/\/jeltsch.eu\/webblog\/sculpture-trouvee-tete-dhomme-found-sculpture-in-public-space\/\" class=\"more-link\"><span class=\"screen-reader-text\"><\/span> weiterlesen <span class=\"meta-nav\">&rarr;<\/span><\/a><\/p>\n","protected":false},"author":3,"featured_media":0,"parent":0,"menu_order":0,"comment_status":"closed","ping_status":"closed","template":"","meta":{"footnotes":""},"_links":{"self":[{"href":"https:\/\/jeltsch.eu\/webblog\/wp-json\/wp\/v2\/pages\/8242"}],"collection":[{"href":"https:\/\/jeltsch.eu\/webblog\/wp-json\/wp\/v2\/pages"}],"about":[{"href":"https:\/\/jeltsch.eu\/webblog\/wp-json\/wp\/v2\/types\/page"}],"author":[{"embeddable":true,"href":"https:\/\/jeltsch.eu\/webblog\/wp-json\/wp\/v2\/users\/3"}],"replies":[{"embeddable":true,"href":"https:\/\/jeltsch.eu\/webblog\/wp-json\/wp\/v2\/comments?post=8242"}],"version-history":[{"count":16,"href":"https:\/\/jeltsch.eu\/webblog\/wp-json\/wp\/v2\/pages\/8242\/revisions"}],"predecessor-version":[{"id":41484,"href":"https:\/\/jeltsch.eu\/webblog\/wp-json\/wp\/v2\/pages\/8242\/revisions\/41484"}],"wp:attachment":[{"href":"https:\/\/jeltsch.eu\/webblog\/wp-json\/wp\/v2\/media?parent=8242"}],"curies":[{"name":"wp","href":"https:\/\/api.w.org\/{rel}","templated":true}]}}