{"id":8414,"date":"2023-01-17T12:20:42","date_gmt":"2023-01-17T12:20:42","guid":{"rendered":"https:\/\/jeltsch.eu\/webblog\/?page_id=8414"},"modified":"2025-12-21T02:07:06","modified_gmt":"2025-12-21T02:07:06","slug":"gedankeninstallation-uebersicht","status":"publish","type":"page","link":"https:\/\/jeltsch.eu\/webblog\/gedankeninstallation-uebersicht\/","title":{"rendered":"Gedankeninstallationen \/ \u00dcbersicht"},"content":{"rendered":"<hr>\n<p>&nbsp;<\/p>\n<p>Die ab 1992 bis heute geschaffenen, imagin\u00e4ren Werke k\u00f6nnen im Rahmen dieser \u00dcbersicht beschrieben und ansatzweise auch gedanklich nachvollzogen werden; die virtuelle Art dieser Dokumentation kann und soll aber\u00a0nicht die reale Erfahrung der Vorstellungen vor Ort ersetzen\u2028<\/p>\n<p>&nbsp;<\/p>\n<hr>\n<p>&nbsp;<\/p>\n<p>\u201eKleiner Mondlichtspeicher\u201c, 1992, Gedankenskulptur\/Vorstellung<\/p>\n<p>\u201eDer Geruch von Schnee\u201c, 1992, Gedankeninstallation\/Vorstellung f\u00fcr Innenr\u00e4ume<\/p>\n<p><a href=\"https:\/\/jeltsch.eu\/webblog\/gleissen-2014-gedankenskulptur\/\">\u201eGleissen\u201d<\/a>, 2014, Gedankenskulptur<\/p>\n<p><a href=\"https:\/\/jeltsch.eu\/webblog\/demut-1992-gedankeninstallation-vorstellung\/\">\u201eDemut\u201c<\/a>, Gedankeninstallation, 1993<\/p>\n<p><a href=\"https:\/\/jeltsch.eu\/webblog\/lokonoize-1992-gedankenskulptur-vorstellung\/\">\u201eLokonoize\u201d<\/a>, 1992, Gedankenskulptur\/Vorstellung<\/p>\n<p><a href=\"https:\/\/jeltsch.eu\/webblog\/fliegender-teppich-1992-gedankenskulptur-vorstellung\/\">\u201eFliegender Teppich\u201c<\/a>, 1993, Gedankenskulptur\/Vorstellung<\/p>\n<p><a href=\"https:\/\/jeltsch.eu\/webblog\/butter-1993-gedankeninstallation-vorstellung\/\">\u201eButter\u201c<\/a>, 1993, Gedankenskulptur\/Vorstellung<\/p>\n<p><a href=\"https:\/\/jeltsch.eu\/webblog\/nebel-1994-schriftbildobjekt-gedankeninstallation\/\">\u201eNebel\u201c<\/a>, 1994, Schriftbildobjekt\/Gedankeninstallation<\/p>\n<p><a href=\"https:\/\/jeltsch.eu\/webblog\/ja-1998-gedankenskulptur-vorstellung\/\">\u201eWelle\u201c<\/a>, 1998, Gedankenskulptur\/Vorstellung<\/p>\n<p><a href=\"https:\/\/jeltsch.eu\/webblog\/propeller-1998-gedankeninstallation-vorstellung\/\">\u201ePropeller\u201c<\/a>, 1998, Gedankeninstallation\/Vorstellung<\/p>\n<p>\u201eGrosser Mondlichtspeicher\u201c, 1994, Gedankenskulptur\/Vorstellung<\/p>\n<p><a href=\"https:\/\/jeltsch.eu\/webblog\/england-1994-gedankenskulptur-vorstellung\/\">\u201eEngland\u201c<\/a>, 1994, Gedankenskulptur\/Vorstellung<\/p>\n<p>\u201eMattglaskugel \u00fcber Nebelr\u00f6hren\u201d, 1995, Gedankeninstallation\/Vorstellung<\/p>\n<p><a href=\"https:\/\/jeltsch.eu\/webblog\/playground-1996-schriftbildobjekt-gedankeninstallation-vorstellung\/\">\u201ePlayground\u201c<\/a>, 1996, Gedankeninstallation\/Vorstellung, Schriftbildobjekt<\/p>\n<p><a href=\"https:\/\/jeltsch.eu\/webblog\/bloxx-bling-bling-indoor-version\/\">\u201eBloxx Bling Bling\u201c<\/a>, Gedankeninstallation\/Audiogedankenskulptur, 2015<\/p>\n<p><a href=\"https:\/\/jeltsch.eu\/webblog\/a-summer-vacation-by-the-mediterranean-sea-videoclip-movie-of-the-mind\/\">\u201eA Summervacation by the Mediterranean Sea\u201c<\/a>, 2016, Videoclip\/Imagination, 07:26 min.<\/p>\n<p>\u201ePhantastic Floating Invisible Silent Rotating Drumming Machine\u201c, Vorstellung f\u00fcr Innen- oder Aussenr\u00e4ume, 2015\/2016<\/p>\n<p>\u201ePerfect Piece\u201c, 2016, Gedankenskulptur f\u00fcr Innenr\u00e4ume (in Ausarbeitung)<\/p>\n<p>\u201eNeu\u201c, Vorstellung f\u00fcr Innenr\u00e4ume (in Ausarbeitung)<\/p>\n<p>\u201eCircus, Circus\u201c, Vorstellung f\u00fcr Innenr\u00e4ume (in Ausarbeitung)<\/p>\n<p><a href=\"https:\/\/jeltsch.eu\/webblog\/raum-ueber-kopf-anweisung-vorstellung-fuer-innenraeume-1975-2015\/\">\u201eRaum \u00fcber Kopf\u201c<\/a>, \u2028Anweisung\/Vorstellung f\u00fcr Innenr\u00e4ume, 1975\/2015<\/p>\n<p><a href=\"https:\/\/jeltsch.eu\/webblog\/spuren-1987-2023-anweisungstext-zur-ausfuehrung-von-kunstwerk-mentales-bildobjekt\/\">&#8222;Spuren&#8220;<\/a>, 1987\/2023, Anweisungstext zur Produktion von Kunstwerk\/Visualisierung<\/p>\n<p>Ready Made: \u201c(Million Dollar) Time Machine \/ xxxxx \/ The Now- What Now?! (for Art-Flippers: plus Everything\/Complete Body of Works Included)\u201c, 2016\/2019<\/p>\n<p>&nbsp;<\/p>\n<p>&nbsp;<\/p>\n<p><strong>Gedankeninstallationen im \u00f6ffentlichen Raum<\/strong><\/p>\n<p>Die einzelnen Textanweisungen zu den Vorstellungen im \u00f6ffentlichen Raum k\u00f6nnen \u00fcber diese Webseite via Smartphone (mit Internetzugang) vor Ort abgerufen werden<\/p>\n<p>&nbsp;<\/p>\n<p>\u2028\u201e(Pedestal for) Life\/Imagination for New York City\u201c, 1993<\/p>\n<p>\u201eMittelgrosser Mondlichtspeicher\u201c,\u00a01993\/2016, Gedankenskulptur<\/p>\n<p>\u201eDer Geruch von Schnee\u201c, 1992, Gedankeninstallation<\/p>\n<p><a href=\"https:\/\/jeltsch.eu\/webblog\/sculpture-trouvee-tete-dhomme-2013\/\">\u201eSculpture Trouv\u00e9e (Tete d\u2019Homme)\u201c<\/a>, 2013<\/p>\n<p><a href=\"https:\/\/jeltsch.eu\/webblog\/vorstellung-fuer-huegel-und-berge-1994-textanweisung-2\/\">&#8222;Vorstellung f\u00fcr H\u00fcgel und Berge&#8220;<\/a>, 1994, Textanweisung<\/p>\n<p><a href=\"https:\/\/jeltsch.eu\/webblog\/bloxx-bling-bling-gedankeninstallation-2015\/\">\u201eBloxx Bling Bling\u201c<\/a>, 2015, Gedankeninstallation<\/p>\n<p><a href=\"https:\/\/jeltsch.eu\/webblog\/dan-2014-raumerfahrung-situation-trouvee-perception-piece\/\">\u201eDan\u201c<\/a>, 2014\/2015, Raumerfahrung\/Situation Trouv\u00e9e<\/p>\n<p><a href=\"https:\/\/jeltsch.eu\/webblog\/aurum-fluxum-wasser-zu-gold-i-gedankeninstallation-vorstellung-2010-2015\/\">\u201eAurum Fluxum (Wasser zu Gold I)\u201c<\/a>, Gedankeninstallation\/Vorstellung, 2010\/2015<\/p>\n<p><a href=\"https:\/\/jeltsch.eu\/webblog\/laco-aurum-wasser-zu-gold-ii-gedankenvorstellung-2010-2015\/\">\u201eLaco Aurum (Wasser zu Gold II)\u201c<\/a>,\u00a02010\/2015, Gedankeninstallation\/Vorstellung<\/p>\n<p>\u201eGrosser Ektowal\u201c, Gedankeninstallation\/Vorstellung (in Ausarbeitung), Oerlikon\/Z\u00fcrich<\/p>\n<p>\u201eEnergy Recorder\u201c (Arbeitstitel), Gedankeninstallation, 2015\/2016 (GI im \u00f6ffentlichen Raum aktuell in Ausarbeitung), Standort: Z\u00fcrich, Sechsel\u00e4utenplatz<\/p>\n<p>\u201eBatterie\u201c, 2019, Audio-Gedankeninstallation, Batterieanlage, Basel (GI im \u00f6ffentlichen Raum aktuell in Ausarbeitung), Standort: Batterieanlage, 4059 Basel<\/p>\n<p>&nbsp;<\/p>\n<hr>\n<p>&nbsp;<\/p>\n<p><a href=\"https:\/\/jeltsch.eu\/webblog\/seiten-deutsch\/\"><<\/a><\/p>\n","protected":false},"excerpt":{"rendered":"<p>&nbsp; Die ab 1992 bis heute geschaffenen, imagin\u00e4ren Werke k\u00f6nnen im Rahmen dieser \u00dcbersicht beschrieben und ansatzweise auch gedanklich nachvollzogen werden; die virtuelle Art dieser Dokumentation kann und soll aber\u00a0nicht die reale Erfahrung der Vorstellungen vor Ort ersetzen\u2028 &nbsp; &nbsp; \u201eKleiner Mondlichtspeicher\u201c, 1992, Gedankenskulptur\/Vorstellung \u201eDer Geruch von Schnee\u201c, 1992, Gedankeninstallation\/Vorstellung f\u00fcr Innenr\u00e4ume \u201eGleissen\u201d, 2014, Gedankenskulptur &hellip; <a href=\"https:\/\/jeltsch.eu\/webblog\/gedankeninstallation-uebersicht\/\" class=\"more-link\"><span class=\"screen-reader-text\">Gedankeninstallationen \/ \u00dcbersicht<\/span> weiterlesen <span class=\"meta-nav\">&rarr;<\/span><\/a><\/p>\n","protected":false},"author":3,"featured_media":0,"parent":0,"menu_order":0,"comment_status":"closed","ping_status":"closed","template":"","meta":{"footnotes":""},"_links":{"self":[{"href":"https:\/\/jeltsch.eu\/webblog\/wp-json\/wp\/v2\/pages\/8414"}],"collection":[{"href":"https:\/\/jeltsch.eu\/webblog\/wp-json\/wp\/v2\/pages"}],"about":[{"href":"https:\/\/jeltsch.eu\/webblog\/wp-json\/wp\/v2\/types\/page"}],"author":[{"embeddable":true,"href":"https:\/\/jeltsch.eu\/webblog\/wp-json\/wp\/v2\/users\/3"}],"replies":[{"embeddable":true,"href":"https:\/\/jeltsch.eu\/webblog\/wp-json\/wp\/v2\/comments?post=8414"}],"version-history":[{"count":55,"href":"https:\/\/jeltsch.eu\/webblog\/wp-json\/wp\/v2\/pages\/8414\/revisions"}],"predecessor-version":[{"id":42532,"href":"https:\/\/jeltsch.eu\/webblog\/wp-json\/wp\/v2\/pages\/8414\/revisions\/42532"}],"wp:attachment":[{"href":"https:\/\/jeltsch.eu\/webblog\/wp-json\/wp\/v2\/media?parent=8414"}],"curies":[{"name":"wp","href":"https:\/\/api.w.org\/{rel}","templated":true}]}}