{"id":8453,"date":"2023-01-17T13:38:16","date_gmt":"2023-01-17T13:38:16","guid":{"rendered":"https:\/\/jeltsch.eu\/webblog\/?page_id=8453"},"modified":"2023-01-17T13:51:15","modified_gmt":"2023-01-17T13:51:15","slug":"gleissen-2014-gedankenskulptur","status":"publish","type":"page","link":"https:\/\/jeltsch.eu\/webblog\/gleissen-2014-gedankenskulptur\/","title":{"rendered":""},"content":{"rendered":"<p>&nbsp;<\/p>\n<p>&nbsp;<\/p>\n<p><strong>Glockenklangfarbenes Sonnenlicht, das von Wasseroberf\u00e4che eines Sees reflektiert wird, zu funkelndem Teppich verwoben, zehn Meter lang, sieben Meter breit, dreissig Zentimeter frei \u00fcber dem Boden des Raumes schwebend- Feld gleissender Sicheln aus Sonnenlicht in schaukelnd\u2019 zerfliessender Bewegung, ineinander verwobener L\u00e4cheln gleich<\/strong><\/p>\n<p>&nbsp;<\/p>\n<p>&nbsp;<\/p>\n<p>&nbsp;<\/p>\n<p>&nbsp;<br \/>\n\u00a0<br \/>\n\u201eGleissen\u201c, 2014, Gedankeninstallation\/Vorstellung, Metallst\u00e4nder mit Texttafel oder Mobiltelefon\/anderes digitales Ger\u00e4t (mit Internetverbindug\/WI-FI)\u2028\u2028\u00a0\u2028<\/p>\n<p>Ideale Raumsituation um Vorstellung zu visualisieren- leerer Raum, weisse W\u00e4nde, hellgrauer Zementboden (oder \u00e4hnlich schlichte R\u00e4ume angemessener Gr\u00f6sse) <\/p>\n<p>Empfohlene Raumfl\u00e4che: zwanzig Meter lang, zw\u00f6lf Meter breit<\/p>\n<p>&nbsp;<\/p>\n<p><a href=\"https:\/\/jeltsch.eu\/webblog\/gedankeninstallation-uebersicht\/\"><<\/a><\/p>\n<p>&nbsp;<\/p>\n","protected":false},"excerpt":{"rendered":"<p>&nbsp; &nbsp; Glockenklangfarbenes Sonnenlicht, das von Wasseroberf\u00e4che eines Sees reflektiert wird, zu funkelndem Teppich verwoben, zehn Meter lang, sieben Meter breit, dreissig Zentimeter frei \u00fcber dem Boden des Raumes schwebend- Feld gleissender Sicheln aus Sonnenlicht in schaukelnd\u2019 zerfliessender Bewegung, ineinander verwobener L\u00e4cheln gleich &nbsp; &nbsp; &nbsp; &nbsp; \u00a0 \u201eGleissen\u201c, 2014, Gedankeninstallation\/Vorstellung, Metallst\u00e4nder mit Texttafel oder &hellip; <a href=\"https:\/\/jeltsch.eu\/webblog\/gleissen-2014-gedankenskulptur\/\" class=\"more-link\"><span class=\"screen-reader-text\"><\/span> weiterlesen <span class=\"meta-nav\">&rarr;<\/span><\/a><\/p>\n","protected":false},"author":3,"featured_media":0,"parent":0,"menu_order":0,"comment_status":"closed","ping_status":"closed","template":"","meta":{"footnotes":""},"_links":{"self":[{"href":"https:\/\/jeltsch.eu\/webblog\/wp-json\/wp\/v2\/pages\/8453"}],"collection":[{"href":"https:\/\/jeltsch.eu\/webblog\/wp-json\/wp\/v2\/pages"}],"about":[{"href":"https:\/\/jeltsch.eu\/webblog\/wp-json\/wp\/v2\/types\/page"}],"author":[{"embeddable":true,"href":"https:\/\/jeltsch.eu\/webblog\/wp-json\/wp\/v2\/users\/3"}],"replies":[{"embeddable":true,"href":"https:\/\/jeltsch.eu\/webblog\/wp-json\/wp\/v2\/comments?post=8453"}],"version-history":[{"count":5,"href":"https:\/\/jeltsch.eu\/webblog\/wp-json\/wp\/v2\/pages\/8453\/revisions"}],"predecessor-version":[{"id":8462,"href":"https:\/\/jeltsch.eu\/webblog\/wp-json\/wp\/v2\/pages\/8453\/revisions\/8462"}],"wp:attachment":[{"href":"https:\/\/jeltsch.eu\/webblog\/wp-json\/wp\/v2\/media?parent=8453"}],"curies":[{"name":"wp","href":"https:\/\/api.w.org\/{rel}","templated":true}]}}