{"id":8463,"date":"2023-01-17T13:53:46","date_gmt":"2023-01-17T13:53:46","guid":{"rendered":"https:\/\/jeltsch.eu\/webblog\/?page_id=8463"},"modified":"2023-01-18T18:04:06","modified_gmt":"2023-01-18T18:04:06","slug":"demut-1992-gedankeninstallation-vorstellung","status":"publish","type":"page","link":"https:\/\/jeltsch.eu\/webblog\/demut-1992-gedankeninstallation-vorstellung\/","title":{"rendered":""},"content":{"rendered":"<p>&nbsp;<\/p>\n<p>&nbsp;<\/p>\n<p><strong>Die Essenz klaren Denkens zu mentaler Kristallglasplatte gegossen, transparent, vier an der Zahl- je hundertzwanzig Zentimeter lang, f\u00fcnfzig Zentimeter breit, zwei Zentimeter dick- die einzelnen Gl\u00e4ser horizontal flach auf durchschnittlicher Knieh\u00f6he wie auf unsichtbarem Luftkissen frei \u00fcber dem Boden des Raumes schwebend, mit einem Abstand von jeweils dreissig Zentimetern zwischen den Gl\u00e4sern und einem halben Meter Distanz zur R\u00fcckwand des Raums installiert<\/strong><\/p>\n<p>&nbsp;<\/p>\n<p>&nbsp;<\/p>\n<p>&nbsp;<\/p>\n<p>&nbsp;<br \/>\n\u00a0<br \/>\n\u201eDemut\u201c, 1992, Gedankeninstallation\/Vorstellung, Metallst\u00e4nder mit Texttafel oder Mobiltelefon\/anderes digitales Ger\u00e4t (mit Internetverbindug\/WI-FI)<\/p>\n<p>Empfohlene Raumfl\u00e4che: zehn Meter lang, sieben Meter breit<\/p>\n<p>&nbsp;<\/p>\n<p><a href=\"https:\/\/jeltsch.eu\/webblog\/gedankeninstallation-uebersicht\/\"><<\/a><\/p>\n<p>&nbsp; <\/p>\n","protected":false},"excerpt":{"rendered":"<p>&nbsp; &nbsp; Die Essenz klaren Denkens zu mentaler Kristallglasplatte gegossen, transparent, vier an der Zahl- je hundertzwanzig Zentimeter lang, f\u00fcnfzig Zentimeter breit, zwei Zentimeter dick- die einzelnen Gl\u00e4ser horizontal flach auf durchschnittlicher Knieh\u00f6he wie auf unsichtbarem Luftkissen frei \u00fcber dem Boden des Raumes schwebend, mit einem Abstand von jeweils dreissig Zentimetern zwischen den Gl\u00e4sern und &hellip; <a href=\"https:\/\/jeltsch.eu\/webblog\/demut-1992-gedankeninstallation-vorstellung\/\" class=\"more-link\"><span class=\"screen-reader-text\"><\/span> weiterlesen <span class=\"meta-nav\">&rarr;<\/span><\/a><\/p>\n","protected":false},"author":3,"featured_media":0,"parent":0,"menu_order":0,"comment_status":"closed","ping_status":"closed","template":"","meta":{"footnotes":""},"_links":{"self":[{"href":"https:\/\/jeltsch.eu\/webblog\/wp-json\/wp\/v2\/pages\/8463"}],"collection":[{"href":"https:\/\/jeltsch.eu\/webblog\/wp-json\/wp\/v2\/pages"}],"about":[{"href":"https:\/\/jeltsch.eu\/webblog\/wp-json\/wp\/v2\/types\/page"}],"author":[{"embeddable":true,"href":"https:\/\/jeltsch.eu\/webblog\/wp-json\/wp\/v2\/users\/3"}],"replies":[{"embeddable":true,"href":"https:\/\/jeltsch.eu\/webblog\/wp-json\/wp\/v2\/comments?post=8463"}],"version-history":[{"count":9,"href":"https:\/\/jeltsch.eu\/webblog\/wp-json\/wp\/v2\/pages\/8463\/revisions"}],"predecessor-version":[{"id":8620,"href":"https:\/\/jeltsch.eu\/webblog\/wp-json\/wp\/v2\/pages\/8463\/revisions\/8620"}],"wp:attachment":[{"href":"https:\/\/jeltsch.eu\/webblog\/wp-json\/wp\/v2\/media?parent=8463"}],"curies":[{"name":"wp","href":"https:\/\/api.w.org\/{rel}","templated":true}]}}