{"id":8484,"date":"2023-01-17T17:07:12","date_gmt":"2023-01-17T17:07:12","guid":{"rendered":"https:\/\/jeltsch.eu\/webblog\/?page_id=8484"},"modified":"2023-01-17T17:11:13","modified_gmt":"2023-01-17T17:11:13","slug":"butter-1993-gedankeninstallation-vorstellung","status":"publish","type":"page","link":"https:\/\/jeltsch.eu\/webblog\/butter-1993-gedankeninstallation-vorstellung\/","title":{"rendered":""},"content":{"rendered":"<p>&nbsp;<\/p>\n<p>&nbsp;<\/p>\n<p><strong>Butter, 1250 kg, gek\u00fchlt, zu rechteckigem Block geformt, einen Meter hoch, zwei Meter breit, sechzig Zentimeter tief, die Kanten leicht abgerundet, blassgelb \u00fcber der Markierung im Raum stehend- in Gedanken die Abdr\u00fccke der warmen Handfl\u00e4chen beider H\u00e4nde mit abgespreizten Fingern auf dem Gedankenk\u00f6rper hinterlassen<\/strong><\/p>\n<p>&nbsp;<\/p>\n<p>&nbsp;<\/p>\n<p>&nbsp;<\/p>\n<p>&nbsp;<\/p>\n<p>\u201eButter\u201c, 1993, Gedankeninstallation\/Vorstellung, Metallst\u00e4nder mit Texttafel oder Mobiltelefon\/anderes digitales Ger\u00e4t (mit Internetverbindug\/WI-FI)<\/p>\n<p>Empfohlene Raumfl\u00e4che: zehn Meter lang, sieben Meter breit<\/p>\n<p>Raumausstattung: St\u00e4nder und Texttafel<\/p>\n<p>Zwei Meter vor Textst\u00e4nder: Bodenmarkierung in Form von zwei Zentimeter breitem, halbtransparentem Klebeband, welches leere Fl\u00e4che von zwei Metem Breite und sechzig Zentimeter Tiefe definiert<\/p>\n<p>&nbsp;<\/p>\n<p><em><a href=\"https:\/\/jeltsch.eu\/webblog\/wp-content\/uploads\/2023\/01\/R-08-05-LEER-RAUM-BUTTER.jpg\" rel=\"noopener\" target=\"_blank\">Raumansicht<\/a><\/em><\/p>\n<p>&nbsp;<\/p>\n<p><a href=\"https:\/\/jeltsch.eu\/webblog\/gedankeninstallation-uebersicht\/\"><<\/a><\/p>\n<p>&nbsp;<\/p>\n","protected":false},"excerpt":{"rendered":"<p>&nbsp; &nbsp; Butter, 1250 kg, gek\u00fchlt, zu rechteckigem Block geformt, einen Meter hoch, zwei Meter breit, sechzig Zentimeter tief, die Kanten leicht abgerundet, blassgelb \u00fcber der Markierung im Raum stehend- in Gedanken die Abdr\u00fccke der warmen Handfl\u00e4chen beider H\u00e4nde mit abgespreizten Fingern auf dem Gedankenk\u00f6rper hinterlassen &nbsp; &nbsp; &nbsp; &nbsp; \u201eButter\u201c, 1993, Gedankeninstallation\/Vorstellung, Metallst\u00e4nder mit &hellip; <a href=\"https:\/\/jeltsch.eu\/webblog\/butter-1993-gedankeninstallation-vorstellung\/\" class=\"more-link\"><span class=\"screen-reader-text\"><\/span> weiterlesen <span class=\"meta-nav\">&rarr;<\/span><\/a><\/p>\n","protected":false},"author":3,"featured_media":0,"parent":0,"menu_order":0,"comment_status":"closed","ping_status":"closed","template":"","meta":{"footnotes":""},"_links":{"self":[{"href":"https:\/\/jeltsch.eu\/webblog\/wp-json\/wp\/v2\/pages\/8484"}],"collection":[{"href":"https:\/\/jeltsch.eu\/webblog\/wp-json\/wp\/v2\/pages"}],"about":[{"href":"https:\/\/jeltsch.eu\/webblog\/wp-json\/wp\/v2\/types\/page"}],"author":[{"embeddable":true,"href":"https:\/\/jeltsch.eu\/webblog\/wp-json\/wp\/v2\/users\/3"}],"replies":[{"embeddable":true,"href":"https:\/\/jeltsch.eu\/webblog\/wp-json\/wp\/v2\/comments?post=8484"}],"version-history":[{"count":5,"href":"https:\/\/jeltsch.eu\/webblog\/wp-json\/wp\/v2\/pages\/8484\/revisions"}],"predecessor-version":[{"id":8490,"href":"https:\/\/jeltsch.eu\/webblog\/wp-json\/wp\/v2\/pages\/8484\/revisions\/8490"}],"wp:attachment":[{"href":"https:\/\/jeltsch.eu\/webblog\/wp-json\/wp\/v2\/media?parent=8484"}],"curies":[{"name":"wp","href":"https:\/\/api.w.org\/{rel}","templated":true}]}}