{"id":8498,"date":"2023-01-17T17:24:10","date_gmt":"2023-01-17T17:24:10","guid":{"rendered":"https:\/\/jeltsch.eu\/webblog\/?page_id=8498"},"modified":"2025-12-20T19:36:26","modified_gmt":"2025-12-20T19:36:26","slug":"ja-1998-gedankenskulptur-vorstellung","status":"publish","type":"page","link":"https:\/\/jeltsch.eu\/webblog\/ja-1998-gedankenskulptur-vorstellung\/","title":{"rendered":""},"content":{"rendered":"<p>&nbsp;<\/p>\n<p><strong>Die Bedeutung des Wortes \u201eJa\u201c als Gef\u00fchl in Form einer Welle, zehn Meter breit, die in wiederkehrender Abfolge mit krachendem Rauschen auf Brusth\u00f6he aus der R\u00fcckwand des Raums bricht, zehn Meter weit in den Raum hineinrollt, sich langsam \u00fcber Boden wieder zur\u00fcckzieht, um erneut aus den Wand in den Raum zu brechen, zur\u00fcckrollt, in den Raum bricht- ewig rhythmische Bewegung- die Bedeutung des Wortes \u201eJa\u201c als Gef\u00fchl in Form grosser, rauschender Welle<\/strong><\/p>\n<p>&nbsp;<\/p>\n<p>&nbsp;<\/p>\n<p>&nbsp;<\/p>\n<p>&nbsp;<\/p>\n<p>\u201eWelle\u201c, 1998, Gedankenskulptur\/Vorstellung, Metallst\u00e4nder, Texttafel<\/p>\n<p>Leerer grosser Raum, empfohlene Raumfl\u00e4che: zwanzig Meter lang, zwanzig Meter breit\u2028<\/p>\n<p>Raumausstattung- Metallst\u00e4nder mit Texttafel oder Mobiltelefon\/anderes digitales Ger\u00e4t (mit Internetverbindug\/WI-FI)<\/p>\n<p>&nbsp;<\/p>\n<p><a href=\"https:\/\/jeltsch.eu\/webblog\/gedankeninstallation-uebersicht\/\"><<\/a><\/p>\n<p>&nbsp;<\/p>\n","protected":false},"excerpt":{"rendered":"<p>&nbsp; Die Bedeutung des Wortes \u201eJa\u201c als Gef\u00fchl in Form einer Welle, zehn Meter breit, die in wiederkehrender Abfolge mit krachendem Rauschen auf Brusth\u00f6he aus der R\u00fcckwand des Raums bricht, zehn Meter weit in den Raum hineinrollt, sich langsam \u00fcber Boden wieder zur\u00fcckzieht, um erneut aus den Wand in den Raum zu brechen, zur\u00fcckrollt, in &hellip; <a href=\"https:\/\/jeltsch.eu\/webblog\/ja-1998-gedankenskulptur-vorstellung\/\" class=\"more-link\"><span class=\"screen-reader-text\"><\/span> weiterlesen <span class=\"meta-nav\">&rarr;<\/span><\/a><\/p>\n","protected":false},"author":3,"featured_media":0,"parent":0,"menu_order":0,"comment_status":"closed","ping_status":"closed","template":"","meta":{"footnotes":""},"_links":{"self":[{"href":"https:\/\/jeltsch.eu\/webblog\/wp-json\/wp\/v2\/pages\/8498"}],"collection":[{"href":"https:\/\/jeltsch.eu\/webblog\/wp-json\/wp\/v2\/pages"}],"about":[{"href":"https:\/\/jeltsch.eu\/webblog\/wp-json\/wp\/v2\/types\/page"}],"author":[{"embeddable":true,"href":"https:\/\/jeltsch.eu\/webblog\/wp-json\/wp\/v2\/users\/3"}],"replies":[{"embeddable":true,"href":"https:\/\/jeltsch.eu\/webblog\/wp-json\/wp\/v2\/comments?post=8498"}],"version-history":[{"count":7,"href":"https:\/\/jeltsch.eu\/webblog\/wp-json\/wp\/v2\/pages\/8498\/revisions"}],"predecessor-version":[{"id":42518,"href":"https:\/\/jeltsch.eu\/webblog\/wp-json\/wp\/v2\/pages\/8498\/revisions\/42518"}],"wp:attachment":[{"href":"https:\/\/jeltsch.eu\/webblog\/wp-json\/wp\/v2\/media?parent=8498"}],"curies":[{"name":"wp","href":"https:\/\/api.w.org\/{rel}","templated":true}]}}