{"id":8520,"date":"2023-01-17T19:31:45","date_gmt":"2023-01-17T19:31:45","guid":{"rendered":"https:\/\/jeltsch.eu\/webblog\/?page_id=8520"},"modified":"2023-01-17T19:35:13","modified_gmt":"2023-01-17T19:35:13","slug":"england-1994-gedankenskulptur-vorstellung","status":"publish","type":"page","link":"https:\/\/jeltsch.eu\/webblog\/england-1994-gedankenskulptur-vorstellung\/","title":{"rendered":""},"content":{"rendered":"<p>&nbsp;<\/p>\n<p>&nbsp;<\/p>\n<p><strong>Der Geruch von frisch geschnittenem Rasen, die verdichtete Vorstellung davon, zu f\u00fcnfzig Kubikzentimeter grossem W\u00fcrfel gepresst, Ecken und Kanten leicht abgerundet, Oberfl\u00e4che mattiert, auf Augenh\u00f6he, frei im Raum schwebend<\/strong><\/p>\n<p>&nbsp;<\/p>\n<p>&nbsp;<\/p>\n<p>&nbsp;<\/p>\n<p>&nbsp;<\/p>\n<p>\u201eEngland\u201c, 1994, Gedankenskulptur\/Vorstellung, Metallst\u00e4nder mit Texttafel<\/p>\n<p>Die Vorstellung l\u00e4sst sich in unterschiedlichen R\u00e4umen visualisieren<\/p>\n<p>Voraussetzung\/Raumausstattung- St\u00e4nder mit Texttafel; alternativ dazu kann Anweisungstext auch via Natel (mit Internetverbindung) vor leerer, weisser Wandfl\u00e4che ad\u00e4quater Gr\u00f6sse aufgerufen werden<\/p>\n<p>&nbsp;<\/p>\n<p><a href=\"https:\/\/jeltsch.eu\/webblog\/gedankeninstallation-uebersicht\/\"><<\/a><\/p>\n<p>&nbsp;<\/p>\n","protected":false},"excerpt":{"rendered":"<p>&nbsp; &nbsp; Der Geruch von frisch geschnittenem Rasen, die verdichtete Vorstellung davon, zu f\u00fcnfzig Kubikzentimeter grossem W\u00fcrfel gepresst, Ecken und Kanten leicht abgerundet, Oberfl\u00e4che mattiert, auf Augenh\u00f6he, frei im Raum schwebend &nbsp; &nbsp; &nbsp; &nbsp; \u201eEngland\u201c, 1994, Gedankenskulptur\/Vorstellung, Metallst\u00e4nder mit Texttafel Die Vorstellung l\u00e4sst sich in unterschiedlichen R\u00e4umen visualisieren Voraussetzung\/Raumausstattung- St\u00e4nder mit Texttafel; alternativ dazu &hellip; <a href=\"https:\/\/jeltsch.eu\/webblog\/england-1994-gedankenskulptur-vorstellung\/\" class=\"more-link\"><span class=\"screen-reader-text\"><\/span> weiterlesen <span class=\"meta-nav\">&rarr;<\/span><\/a><\/p>\n","protected":false},"author":3,"featured_media":0,"parent":0,"menu_order":0,"comment_status":"closed","ping_status":"closed","template":"","meta":{"footnotes":""},"_links":{"self":[{"href":"https:\/\/jeltsch.eu\/webblog\/wp-json\/wp\/v2\/pages\/8520"}],"collection":[{"href":"https:\/\/jeltsch.eu\/webblog\/wp-json\/wp\/v2\/pages"}],"about":[{"href":"https:\/\/jeltsch.eu\/webblog\/wp-json\/wp\/v2\/types\/page"}],"author":[{"embeddable":true,"href":"https:\/\/jeltsch.eu\/webblog\/wp-json\/wp\/v2\/users\/3"}],"replies":[{"embeddable":true,"href":"https:\/\/jeltsch.eu\/webblog\/wp-json\/wp\/v2\/comments?post=8520"}],"version-history":[{"count":4,"href":"https:\/\/jeltsch.eu\/webblog\/wp-json\/wp\/v2\/pages\/8520\/revisions"}],"predecessor-version":[{"id":8525,"href":"https:\/\/jeltsch.eu\/webblog\/wp-json\/wp\/v2\/pages\/8520\/revisions\/8525"}],"wp:attachment":[{"href":"https:\/\/jeltsch.eu\/webblog\/wp-json\/wp\/v2\/media?parent=8520"}],"curies":[{"name":"wp","href":"https:\/\/api.w.org\/{rel}","templated":true}]}}