{"id":8526,"date":"2023-01-17T19:37:31","date_gmt":"2023-01-17T19:37:31","guid":{"rendered":"https:\/\/jeltsch.eu\/webblog\/?page_id=8526"},"modified":"2023-08-25T14:51:10","modified_gmt":"2023-08-25T14:51:10","slug":"playground-1996-schriftbildobjekt-gedankeninstallation-vorstellung","status":"publish","type":"page","link":"https:\/\/jeltsch.eu\/webblog\/playground-1996-schriftbildobjekt-gedankeninstallation-vorstellung\/","title":{"rendered":""},"content":{"rendered":"<p>&nbsp;<\/p>\n<p>&nbsp;<\/p>\n<p><img loading=\"lazy\" decoding=\"async\" src=\"https:\/\/jeltsch.eu\/webblog\/wp-content\/uploads\/2017\/04\/21-NWS-6x7-PLAYGROUND-16x24.jpg\" alt=\"\" width=\"700\" height=\"600\" class=\"alignnone size-full wp-image-2188\" srcset=\"https:\/\/jeltsch.eu\/webblog\/wp-content\/uploads\/2017\/04\/21-NWS-6x7-PLAYGROUND-16x24.jpg 700w, https:\/\/jeltsch.eu\/webblog\/wp-content\/uploads\/2017\/04\/21-NWS-6x7-PLAYGROUND-16x24-300x257.jpg 300w\" sizes=\"(max-width: 700px) 100vw, 700px\" \/><\/p>\n<p>\u201ePlayground\u201c, 1996, installation of thoughts\/imagination, type face object, wood, glass, labeling foil, wooden base, 180 x 76 x 200 cm<\/p>\n<p>&nbsp;<\/p>\n<p>\u201ePlayground\u201c, 1996, Gedankeninstallation\/Vorstellung, Schriftbildobjekt, Glas, Beschriftungsfolie, Holzsockel, 180 x 76 x 200 cm<\/p>\n<p>Empfohlene Raumfl\u00e4che: zehn Meter lang, sieben Meter breit<\/p>\n<p>Der Anweisungstext zur Erweiterung der real vorhanden Objekte zu Raumvorstellung befindet sich unter kleinem quadratischen Mattglaspl\u00e4ttchen (halbtransparent) auf der Oberfl\u00e4che eines weiss lasierten Holsockels. In der Mitte der zehn mal zehn Zentimeter grossen Glasoberfl\u00e4che liegt ein dreidimensionaler Spielzeugkreisel aus hellem Buchenholz auf<\/p>\n<p>&nbsp;<\/p>\n<p>Anweisungstext auf Sockel:<\/p>\n<p><strong>Kreisel mit Daumen und Zeigefinger zum Drehen bringen- rotierenden Kreisel von oben betrachten, sich Bild einpr\u00e4gen; den Kreisel hernach auf das zehnfache seiner realen Dimension vergr\u00f6ssern und auf weisse Fl\u00e4che des an der Wand h\u00e4ngenden Objekts projizieren, so dass Spitze des Kreisels auf Glasoberfl\u00e4che zum Rotieren kommt, Kreisel auf diese Weise horizontal in Raum hineinragt<\/strong><\/p>\n<p>&nbsp;<\/p>\n<p><a href=\"https:\/\/jeltsch.eu\/webblog\/gedankeninstallation-uebersicht\/\"><<\/a><\/p>\n<p>&nbsp;<\/p>\n","protected":false},"excerpt":{"rendered":"<p>&nbsp; &nbsp; \u201ePlayground\u201c, 1996, installation of thoughts\/imagination, type face object, wood, glass, labeling foil, wooden base, 180 x 76 x 200 cm &nbsp; \u201ePlayground\u201c, 1996, Gedankeninstallation\/Vorstellung, Schriftbildobjekt, Glas, Beschriftungsfolie, Holzsockel, 180 x 76 x 200 cm Empfohlene Raumfl\u00e4che: zehn Meter lang, sieben Meter breit Der Anweisungstext zur Erweiterung der real vorhanden Objekte zu Raumvorstellung befindet &hellip; <a href=\"https:\/\/jeltsch.eu\/webblog\/playground-1996-schriftbildobjekt-gedankeninstallation-vorstellung\/\" class=\"more-link\"><span class=\"screen-reader-text\"><\/span> weiterlesen <span class=\"meta-nav\">&rarr;<\/span><\/a><\/p>\n","protected":false},"author":3,"featured_media":0,"parent":0,"menu_order":0,"comment_status":"closed","ping_status":"closed","template":"","meta":{"footnotes":""},"_links":{"self":[{"href":"https:\/\/jeltsch.eu\/webblog\/wp-json\/wp\/v2\/pages\/8526"}],"collection":[{"href":"https:\/\/jeltsch.eu\/webblog\/wp-json\/wp\/v2\/pages"}],"about":[{"href":"https:\/\/jeltsch.eu\/webblog\/wp-json\/wp\/v2\/types\/page"}],"author":[{"embeddable":true,"href":"https:\/\/jeltsch.eu\/webblog\/wp-json\/wp\/v2\/users\/3"}],"replies":[{"embeddable":true,"href":"https:\/\/jeltsch.eu\/webblog\/wp-json\/wp\/v2\/comments?post=8526"}],"version-history":[{"count":7,"href":"https:\/\/jeltsch.eu\/webblog\/wp-json\/wp\/v2\/pages\/8526\/revisions"}],"predecessor-version":[{"id":13296,"href":"https:\/\/jeltsch.eu\/webblog\/wp-json\/wp\/v2\/pages\/8526\/revisions\/13296"}],"wp:attachment":[{"href":"https:\/\/jeltsch.eu\/webblog\/wp-json\/wp\/v2\/media?parent=8526"}],"curies":[{"name":"wp","href":"https:\/\/api.w.org\/{rel}","templated":true}]}}