{"id":8534,"date":"2023-01-17T19:46:21","date_gmt":"2023-01-17T19:46:21","guid":{"rendered":"https:\/\/jeltsch.eu\/webblog\/?page_id=8534"},"modified":"2023-01-21T22:37:29","modified_gmt":"2023-01-21T22:37:29","slug":"raum-ueber-kopf-anweisung-vorstellung-fuer-innenraeume-1975-2015","status":"publish","type":"page","link":"https:\/\/jeltsch.eu\/webblog\/raum-ueber-kopf-anweisung-vorstellung-fuer-innenraeume-1975-2015\/","title":{"rendered":""},"content":{"rendered":"<p>&nbsp;<\/p>\n<p>&nbsp;<\/p>\n<p><strong>In Gedanken den Raum auf den Kopf stellen, in dem man sich befinder: glatte, weissgestrichene Decke wird jetzt zu Boden, und auf diese Weise nun langsam mit gem\u00e4chlichen Schritten den Raum durchschreiten und dabei die Gegenst\u00e4nde des Raumes wahrnehmen, die jetzt alle wie festgeklebt kopf\u00fcber von der Decke h\u00e4ngen<\/strong><\/p>\n<p>&nbsp;<\/p>\n<p>&nbsp;<\/p>\n<p>&nbsp;<\/p>\n<p>&nbsp;<\/p>\n<p>\u201eRaum \u00fcber Kopf\u201c, Anweisung\/Vorstellung<\/p>\n<p>&nbsp;<\/p>\n<p><a href=\"https:\/\/jeltsch.eu\/webblog\/gedankeninstallation-uebersicht\/\"><<\/a><\/p>\n<p>&nbsp;<\/p>\n","protected":false},"excerpt":{"rendered":"<p>&nbsp; &nbsp; In Gedanken den Raum auf den Kopf stellen, in dem man sich befinder: glatte, weissgestrichene Decke wird jetzt zu Boden, und auf diese Weise nun langsam mit gem\u00e4chlichen Schritten den Raum durchschreiten und dabei die Gegenst\u00e4nde des Raumes wahrnehmen, die jetzt alle wie festgeklebt kopf\u00fcber von der Decke h\u00e4ngen &nbsp; &nbsp; &nbsp; &nbsp; &hellip; <a href=\"https:\/\/jeltsch.eu\/webblog\/raum-ueber-kopf-anweisung-vorstellung-fuer-innenraeume-1975-2015\/\" class=\"more-link\"><span class=\"screen-reader-text\"><\/span> weiterlesen <span class=\"meta-nav\">&rarr;<\/span><\/a><\/p>\n","protected":false},"author":3,"featured_media":0,"parent":0,"menu_order":0,"comment_status":"closed","ping_status":"closed","template":"","meta":{"footnotes":""},"_links":{"self":[{"href":"https:\/\/jeltsch.eu\/webblog\/wp-json\/wp\/v2\/pages\/8534"}],"collection":[{"href":"https:\/\/jeltsch.eu\/webblog\/wp-json\/wp\/v2\/pages"}],"about":[{"href":"https:\/\/jeltsch.eu\/webblog\/wp-json\/wp\/v2\/types\/page"}],"author":[{"embeddable":true,"href":"https:\/\/jeltsch.eu\/webblog\/wp-json\/wp\/v2\/users\/3"}],"replies":[{"embeddable":true,"href":"https:\/\/jeltsch.eu\/webblog\/wp-json\/wp\/v2\/comments?post=8534"}],"version-history":[{"count":8,"href":"https:\/\/jeltsch.eu\/webblog\/wp-json\/wp\/v2\/pages\/8534\/revisions"}],"predecessor-version":[{"id":8806,"href":"https:\/\/jeltsch.eu\/webblog\/wp-json\/wp\/v2\/pages\/8534\/revisions\/8806"}],"wp:attachment":[{"href":"https:\/\/jeltsch.eu\/webblog\/wp-json\/wp\/v2\/media?parent=8534"}],"curies":[{"name":"wp","href":"https:\/\/api.w.org\/{rel}","templated":true}]}}