{"id":8538,"date":"2023-01-17T22:51:37","date_gmt":"2023-01-17T22:51:37","guid":{"rendered":"https:\/\/jeltsch.eu\/webblog\/?page_id=8538"},"modified":"2023-01-17T23:07:07","modified_gmt":"2023-01-17T23:07:07","slug":"sculpture-trouvee-tete-dhomme-2013","status":"publish","type":"page","link":"https:\/\/jeltsch.eu\/webblog\/sculpture-trouvee-tete-dhomme-2013\/","title":{"rendered":""},"content":{"rendered":"<p>&nbsp;<\/p>\n<p><img loading=\"lazy\" decoding=\"async\" src=\"https:\/\/jeltsch.eu\/webblog\/wp-content\/uploads\/2023\/01\/Scul-Trouvee-Zueri-DSC00219.jpg\" alt=\"\" width=\"640\" height=\"480\" class=\"aligncenter size-full wp-image-8241\" srcset=\"https:\/\/jeltsch.eu\/webblog\/wp-content\/uploads\/2023\/01\/Scul-Trouvee-Zueri-DSC00219.jpg 640w, https:\/\/jeltsch.eu\/webblog\/wp-content\/uploads\/2023\/01\/Scul-Trouvee-Zueri-DSC00219-300x225.jpg 300w\" sizes=\"(max-width: 640px) 100vw, 640px\" \/><\/p>\n<p>\u201eSculpture Trouv\u00e9e (Tete d\u2019Homme)\u201c, 2013, Bahndamm N\u00e4he L\u00f6wenbr\u00e4ukunstareal, Limmatstrasse 270, Z\u00fcrich <\/p>\n<p>\u201eSculpture Trouv\u00e9e\u201c findet sich auf H\u00fcfth\u00f6he in einem der Steinbl\u00f6cke, die den Bahndammpfeiler\u00a0an der Limmatstrasse in der N\u00e4he des L\u00f6wenbr\u00e4ukunstareals bilden. Von der Haltestelle \u201eDammweg\u201c (Tramlinien 4 &#038; 13) kann der <a href=\"https:\/\/www.google.ch\/maps\/place\/L%C3%B6wenbr%C3%A4ukunst+Areal\/@47.3881809,8.5269137,16z\/data=!4m5!3m4!1s0x47900a6ade0120c1:0x14de701c3b986d67!8m2!3d47.3892432!4d8.5253273\">Standort<\/a> \u00fcber den Fussweg, der\u00a0auf der linken Seite der Strasse\u00a0in Richtung City bis an den Bahndamm\u00a0f\u00fchrt, in wenigen Schritten erreicht werden<\/p>\n<p>&nbsp;<\/p>\n<p><a href=\"https:\/\/jeltsch.eu\/webblog\/gedankeninstallation-uebersicht\/\"><<\/a><\/p>\n<p>&nbsp;<\/p>\n","protected":false},"excerpt":{"rendered":"<p>&nbsp; \u201eSculpture Trouv\u00e9e (Tete d\u2019Homme)\u201c, 2013, Bahndamm N\u00e4he L\u00f6wenbr\u00e4ukunstareal, Limmatstrasse 270, Z\u00fcrich \u201eSculpture Trouv\u00e9e\u201c findet sich auf H\u00fcfth\u00f6he in einem der Steinbl\u00f6cke, die den Bahndammpfeiler\u00a0an der Limmatstrasse in der N\u00e4he des L\u00f6wenbr\u00e4ukunstareals bilden. Von der Haltestelle \u201eDammweg\u201c (Tramlinien 4 &#038; 13) kann der Standort \u00fcber den Fussweg, der\u00a0auf der linken Seite der Strasse\u00a0in Richtung City &hellip; <a href=\"https:\/\/jeltsch.eu\/webblog\/sculpture-trouvee-tete-dhomme-2013\/\" class=\"more-link\"><span class=\"screen-reader-text\"><\/span> weiterlesen <span class=\"meta-nav\">&rarr;<\/span><\/a><\/p>\n","protected":false},"author":3,"featured_media":0,"parent":0,"menu_order":0,"comment_status":"closed","ping_status":"closed","template":"","meta":{"footnotes":""},"_links":{"self":[{"href":"https:\/\/jeltsch.eu\/webblog\/wp-json\/wp\/v2\/pages\/8538"}],"collection":[{"href":"https:\/\/jeltsch.eu\/webblog\/wp-json\/wp\/v2\/pages"}],"about":[{"href":"https:\/\/jeltsch.eu\/webblog\/wp-json\/wp\/v2\/types\/page"}],"author":[{"embeddable":true,"href":"https:\/\/jeltsch.eu\/webblog\/wp-json\/wp\/v2\/users\/3"}],"replies":[{"embeddable":true,"href":"https:\/\/jeltsch.eu\/webblog\/wp-json\/wp\/v2\/comments?post=8538"}],"version-history":[{"count":5,"href":"https:\/\/jeltsch.eu\/webblog\/wp-json\/wp\/v2\/pages\/8538\/revisions"}],"predecessor-version":[{"id":8544,"href":"https:\/\/jeltsch.eu\/webblog\/wp-json\/wp\/v2\/pages\/8538\/revisions\/8544"}],"wp:attachment":[{"href":"https:\/\/jeltsch.eu\/webblog\/wp-json\/wp\/v2\/media?parent=8538"}],"curies":[{"name":"wp","href":"https:\/\/api.w.org\/{rel}","templated":true}]}}