{"id":8557,"date":"2023-01-17T23:29:11","date_gmt":"2023-01-17T23:29:11","guid":{"rendered":"https:\/\/jeltsch.eu\/webblog\/?page_id=8557"},"modified":"2023-01-18T14:53:56","modified_gmt":"2023-01-18T14:53:56","slug":"aurum-fluxum-wasser-zu-gold-i-gedankeninstallation-vorstellung-2010-2015","status":"publish","type":"page","link":"https:\/\/jeltsch.eu\/webblog\/aurum-fluxum-wasser-zu-gold-i-gedankeninstallation-vorstellung-2010-2015\/","title":{"rendered":""},"content":{"rendered":"<p>&nbsp;<\/p>\n<p>&nbsp;<\/p>\n<p><strong>Die gesamte Masse von Wasser, die das Flussbett von Ufer zu Ufer bis auf den Grund hinunter auff\u00fcllt, in Gedanken zu reinem, schimmerndem Gold transformieren, jeder einzelne Tropfen davon- fliessendes Wasser zu fl\u00fcssigem Gold<\/strong><\/p>\n<p>&nbsp;<\/p>\n<p>&nbsp;<\/p>\n<p>&nbsp;<\/p>\n<p>&nbsp;<\/p>\n<p>\u201eAurum Fluxum (Wasser zu Gold I)\u201c, Gedankeninstallation\/Vorstellung, 2010\/2015 <\/p>\n<p>Die Vorstellung \u201eAurum Fluxum\u201c l\u00e4sst sich grunds\u00e4tzlich an jedem fliessendem Gew\u00e4sser in der Schweiz visualisieren; stellvertretend daf\u00fcr wird hier der offizielle Standort in Basel dokumentiert:<br \/>\n\u00a0<br \/>\n<a href=\"https:\/\/www.google.ch\/maps\/place\/Johanniterbr%C3%BCcke\/@47.562858,7.5812016,15z\/data=!4m5!3m4!1s0x4791b9a7b05b8df1:0x1dc495120b0d541d!8m2!3d47.564248!4d7.583897\" rel=\"noopener\" target=\"_blank\">Standort<\/a> Basel, Johanniterbr\u00fccke:<\/p>\n<p>\u201eAurum Fluxum\u201c wird in der Mitte der Br\u00fccke vom Gel\u00e4nder aus gegen den Flusslauf des Rheins in Richtung der mittleren Rheinbr\u00fccke visualisiert<br \/>\nDie Vorstellung l\u00e4sst sich aber auch auf der ganzen L\u00e4nge der Uferpromenade vom Kleinbasel oder wahlweise auch von der grossbasler Seite aus umsetzen<\/p>\n<p>Weitere empfohlene Standorte, von wo aus wo sich die Vorstellungsanweisung ausf\u00fchren l\u00e4sst:<br \/>\n\u00a0<br \/>\n<a href=\"https:\/\/www.google.ch\/maps\/place\/M%C3%BChlesteg,+8001+Z%C3%BCrich\/@47.3738889,8.5383819,15z\/data=!4m5!3m4!1s0x47900a07f128e163:0x32b09e6364702e77!8m2!3d47.3755857!4d8.5428118\" rel=\"noopener\" target=\"_blank\">Z\u00fcrich, M\u00fchlesteg<\/a>\u00a0<br \/>\n<a href=\"https:\/\/www.google.ch\/maps\/place\/Sch%C3%B6nausteg,+3005+Bern\/@46.9338144,7.4447851,16z\/data=!4m5!3m4!1s0x478e39ccc065eba5:0x50cb2cd4a4d48894!8m2!3d46.9343419!4d7.4459492\" rel=\"noopener\" target=\"_blank\">Bern, Sch\u00f6nausteg<\/a><br \/>\n<a href=\"https:\/\/www.google.ch\/maps\/place\/Rathaussteg,+Luzern\/@47.0511059,8.3060368,1344m\/data=!3m1!1e3!4m5!3m4!1s0x478ffb9f145a372f:0x6b41db9d569afc0d!8m2!3d47.0513471!4d8.3060329\" rel=\"noopener\" target=\"_blank\">Luzern, Rathaussteg<\/a><br \/>\n\u00a0<br \/>\n\u201eAurum Fluxum\u201c\u00a0wird auch an den alternativen Standorten gegen die Fliessrichtung der jeweiligen Fl\u00fcsse \u201eLimmat\u201c, \u201eAare\u201c und *Reuss\u201c visualisiert<\/p>\n<p>&nbsp;<\/p>\n<p><a href=\"https:\/\/jeltsch.eu\/webblog\/gedankeninstallation-uebersicht\/\"><<\/a><\/p>\n<p>&nbsp;<\/p>\n","protected":false},"excerpt":{"rendered":"<p>&nbsp; &nbsp; Die gesamte Masse von Wasser, die das Flussbett von Ufer zu Ufer bis auf den Grund hinunter auff\u00fcllt, in Gedanken zu reinem, schimmerndem Gold transformieren, jeder einzelne Tropfen davon- fliessendes Wasser zu fl\u00fcssigem Gold &nbsp; &nbsp; &nbsp; &nbsp; \u201eAurum Fluxum (Wasser zu Gold I)\u201c, Gedankeninstallation\/Vorstellung, 2010\/2015 Die Vorstellung \u201eAurum Fluxum\u201c l\u00e4sst sich grunds\u00e4tzlich &hellip; <a href=\"https:\/\/jeltsch.eu\/webblog\/aurum-fluxum-wasser-zu-gold-i-gedankeninstallation-vorstellung-2010-2015\/\" class=\"more-link\"><span class=\"screen-reader-text\"><\/span> weiterlesen <span class=\"meta-nav\">&rarr;<\/span><\/a><\/p>\n","protected":false},"author":3,"featured_media":0,"parent":0,"menu_order":0,"comment_status":"closed","ping_status":"closed","template":"","meta":{"footnotes":""},"_links":{"self":[{"href":"https:\/\/jeltsch.eu\/webblog\/wp-json\/wp\/v2\/pages\/8557"}],"collection":[{"href":"https:\/\/jeltsch.eu\/webblog\/wp-json\/wp\/v2\/pages"}],"about":[{"href":"https:\/\/jeltsch.eu\/webblog\/wp-json\/wp\/v2\/types\/page"}],"author":[{"embeddable":true,"href":"https:\/\/jeltsch.eu\/webblog\/wp-json\/wp\/v2\/users\/3"}],"replies":[{"embeddable":true,"href":"https:\/\/jeltsch.eu\/webblog\/wp-json\/wp\/v2\/comments?post=8557"}],"version-history":[{"count":14,"href":"https:\/\/jeltsch.eu\/webblog\/wp-json\/wp\/v2\/pages\/8557\/revisions"}],"predecessor-version":[{"id":8615,"href":"https:\/\/jeltsch.eu\/webblog\/wp-json\/wp\/v2\/pages\/8557\/revisions\/8615"}],"wp:attachment":[{"href":"https:\/\/jeltsch.eu\/webblog\/wp-json\/wp\/v2\/media?parent=8557"}],"curies":[{"name":"wp","href":"https:\/\/api.w.org\/{rel}","templated":true}]}}