{"id":8622,"date":"2023-01-18T19:38:49","date_gmt":"2023-01-18T19:38:49","guid":{"rendered":"https:\/\/jeltsch.eu\/webblog\/?page_id=8622"},"modified":"2023-01-18T19:45:59","modified_gmt":"2023-01-18T19:45:59","slug":"vorstellung-fuer-huegel-und-berge-1994-textanweisung-2","status":"publish","type":"page","link":"https:\/\/jeltsch.eu\/webblog\/vorstellung-fuer-huegel-und-berge-1994-textanweisung-2\/","title":{"rendered":""},"content":{"rendered":"<p>&nbsp;<\/p>\n<p>&nbsp;<\/p>\n<p><strong><br \/>\nNach dem Eindunkeln mit Fernglas einen H\u00fcgel oder einen Berg hochsteigen:\u2028\u00a0von oben durch das Glas auf die Lichter im Tal hinunterschauen- sich dabei vor Lachen aussch\u00fctten und f\u00fcr eine Weile die Lichtbilder betrachten, die dabei in den Okularen entstehen<\/strong><\/p>\n<p>&nbsp;<\/p>\n<p>&nbsp;<\/p>\n<p>&nbsp;<\/p>\n<p>&nbsp;<\/p>\n<p>&#8222;Vorstellung f\u00fcr H\u00fcgel und Berge&#8220;, 1994, Textanweisung<\/p>\n<p>Der Anweisungstext zur Vorstellung l\u00e4sst \u00fcber Smartphone oder \u00f6hnlicher digitaler Quelle mit Internetzugang\/WI-FI abrufen<\/p>\n<p>&nbsp;<\/p>\n<p><a href=\"https:\/\/jeltsch.eu\/webblog\/gedankeninstallation-uebersicht\/\"><<\/a><\/p>\n<p>&nbsp;<\/p>\n","protected":false},"excerpt":{"rendered":"<p>&nbsp; &nbsp; Nach dem Eindunkeln mit Fernglas einen H\u00fcgel oder einen Berg hochsteigen:\u2028\u00a0von oben durch das Glas auf die Lichter im Tal hinunterschauen- sich dabei vor Lachen aussch\u00fctten und f\u00fcr eine Weile die Lichtbilder betrachten, die dabei in den Okularen entstehen &nbsp; &nbsp; &nbsp; &nbsp; &#8222;Vorstellung f\u00fcr H\u00fcgel und Berge&#8220;, 1994, Textanweisung Der Anweisungstext zur &hellip; <a href=\"https:\/\/jeltsch.eu\/webblog\/vorstellung-fuer-huegel-und-berge-1994-textanweisung-2\/\" class=\"more-link\"><span class=\"screen-reader-text\"><\/span> weiterlesen <span class=\"meta-nav\">&rarr;<\/span><\/a><\/p>\n","protected":false},"author":3,"featured_media":0,"parent":0,"menu_order":0,"comment_status":"closed","ping_status":"closed","template":"","meta":{"footnotes":""},"_links":{"self":[{"href":"https:\/\/jeltsch.eu\/webblog\/wp-json\/wp\/v2\/pages\/8622"}],"collection":[{"href":"https:\/\/jeltsch.eu\/webblog\/wp-json\/wp\/v2\/pages"}],"about":[{"href":"https:\/\/jeltsch.eu\/webblog\/wp-json\/wp\/v2\/types\/page"}],"author":[{"embeddable":true,"href":"https:\/\/jeltsch.eu\/webblog\/wp-json\/wp\/v2\/users\/3"}],"replies":[{"embeddable":true,"href":"https:\/\/jeltsch.eu\/webblog\/wp-json\/wp\/v2\/comments?post=8622"}],"version-history":[{"count":6,"href":"https:\/\/jeltsch.eu\/webblog\/wp-json\/wp\/v2\/pages\/8622\/revisions"}],"predecessor-version":[{"id":8629,"href":"https:\/\/jeltsch.eu\/webblog\/wp-json\/wp\/v2\/pages\/8622\/revisions\/8629"}],"wp:attachment":[{"href":"https:\/\/jeltsch.eu\/webblog\/wp-json\/wp\/v2\/media?parent=8622"}],"curies":[{"name":"wp","href":"https:\/\/api.w.org\/{rel}","templated":true}]}}