{"id":8630,"date":"2023-01-18T20:13:26","date_gmt":"2023-01-18T20:13:26","guid":{"rendered":"https:\/\/jeltsch.eu\/webblog\/?page_id=8630"},"modified":"2023-01-18T21:46:43","modified_gmt":"2023-01-18T21:46:43","slug":"laco-aurum-wasser-zu-gold-ii-gedankenvorstellung-2010-2015","status":"publish","type":"page","link":"https:\/\/jeltsch.eu\/webblog\/laco-aurum-wasser-zu-gold-ii-gedankenvorstellung-2010-2015\/","title":{"rendered":""},"content":{"rendered":"<p>&nbsp;<\/p>\n<p>&nbsp;<\/p>\n<p><strong>Die gesamte Masse von Wasser, die das Seebecken von Ufer zu Ufer bis auf den Grund hinunter auff\u00fcllt, in Gedanken zu reinem, schimmerndem Gold transformieren, jeder einzelne Tropfen davon- Wasser zu fl\u00fcssigem Gold<\/strong><\/p>\n<p>&nbsp;<\/p>\n<p>&nbsp;<\/p>\n<p>&nbsp;<\/p>\n<p>&nbsp;<\/p>\n<p>\u201eLaco Aurum (Wasser zu Gold II)\u201c, Gedankeninstallation\/Vorstellung, 2010\/2015<\/p>\n<p>Die Vorstellung \u201eLaco Aurum\u201c versteht sich als Erg\u00e4nzung\/Erweiterung der Vorstellung \u201eAurum Fluxum\u201c und l\u00e4sst sich grunds\u00e4tzlich an jeder Stelle eines Seeufers visualisieren (oder auch mit Fernblick auf einen See von oben); dabei wird generell eine ruhige Umgebung als Ausgangspunkt\/Standort zur Umsetzung empfohlen<\/p>\n<p>Empfohlener <a href=\"https:\/\/map.search.ch\/Z%C3%BCrich,Klausstr.?zoom=17&#038;x=-185m&#038;y=-44m\" rel=\"noopener\" target=\"_blank\">Standort Z\u00fcrich<\/a>: <\/p>\n<p>Zugang zum See in der N\u00e4he des Z\u00fcrichhorns \/ Seefeldquartier auf H\u00f6he der Klausstrasse- hinter dem kleinen asphaltierten Platz mit der gl\u00e4nzenden Metallkonstruktion des Feldmann-Brunnens f\u00fchrt der Zugang zum See \u00fcber breite flache Steinbl\u00f6cke bis hinunter an den Uferweg aus behauenem Naturstein. Hier wird der Blick auf den Z\u00fcrichsee freigegeben und hier befindet sich einer der empfohlenen Standorte, um die Gedankeninstallation \u201eLaco Aurum\u201c visuell umzusetzen<\/p>\n<p>Die Vorstellung kann im Grossraum Z\u00fcrich unter anderem aber auch aus 871 Meter H\u00f6he vom\u00a0<a href=\"https:\/\/de.wikipedia.org\/wiki\/Aussichtsturm_Uetliberg\" rel=\"noopener\" target=\"_blank\">Uetliberg\/Aussichtsturm<\/a>\u00a0von oben visualisiert werden<\/p>\n<p>Empfohlene Standorte \u201eLaco Aurum\u201c in der Innerschweiz:<br \/>\n\u00a0<br \/>\nStandort Luzern<\/p>\n<p>Die Vorstellung kann entlang der ganzen Seepromenade auf H\u00f6he der Stadt Luzern umgesetzt werden; der empfohlene Standort liegt jedoch etwas vom Zentrum entfernt am linken Seeufer in der Mitte des\u00a0<a href=\"https:\/\/www.google.ch\/maps\/place\/Luzernerquai,+6006+Luzern\/@47.053992,8.3268961,336m\/data=!3m1!1e3!4m5!3m4!1s0x478ffbecb57a34a1:0x1e98a9a4a5e07f59!8m2!3d47.0541327!4d8.3266681\" rel=\"noopener\" target=\"_blank\">Luzernquai<\/a><\/p>\n<p><a href=\"https:\/\/www.google.ch\/maps\/place\/Gipfelrestaurant+Fronalpstock\/@46.9685717,8.6250629,5386m\/data=!3m1!1e3!4m8!3m7!1s0x0:0xdd2e383c180c4bec!5m2!4m1!1i2!8m2!3d46.9697868!4d8.6371661\" rel=\"noopener\" target=\"_blank\">Aussichtsplattform Fronalpstock<\/a>, 1922 \u00fcber dem Meer, 6433 Stoos; der offizielle Standort am Gel\u00e4nder der Plattform befindet sich\u00a0in unmittelbarer N\u00e4he der Bergstation und ist in wenigen Schritten zu erreichen. Von hier aus sind weite Teile der Wasseroberfl\u00e4che des Vierwaldst\u00e4ttersees von oben zu sehen und die Imagination wird auch an dieser Stelle aus der Vogelperspektive visualisiert<\/p>\n<p>Diese Gedankenvorstellung kann aber grunds\u00e4tzlich auch von jedem Seeufer weltweit umgesetzt werden<\/p>\n<p>Die Textanweisung zur Vorstellung bleibt dabei \u00fcberall dieselbe<\/p>\n<p>&nbsp;<\/p>\n<p><a href=\"https:\/\/jeltsch.eu\/webblog\/gedankeninstallation-uebersicht\/\"><<\/a><\/p>\n<p>&nbsp;<\/p>\n","protected":false},"excerpt":{"rendered":"<p>&nbsp; &nbsp; Die gesamte Masse von Wasser, die das Seebecken von Ufer zu Ufer bis auf den Grund hinunter auff\u00fcllt, in Gedanken zu reinem, schimmerndem Gold transformieren, jeder einzelne Tropfen davon- Wasser zu fl\u00fcssigem Gold &nbsp; &nbsp; &nbsp; &nbsp; \u201eLaco Aurum (Wasser zu Gold II)\u201c, Gedankeninstallation\/Vorstellung, 2010\/2015 Die Vorstellung \u201eLaco Aurum\u201c versteht sich als Erg\u00e4nzung\/Erweiterung &hellip; <a href=\"https:\/\/jeltsch.eu\/webblog\/laco-aurum-wasser-zu-gold-ii-gedankenvorstellung-2010-2015\/\" class=\"more-link\"><span class=\"screen-reader-text\"><\/span> weiterlesen <span class=\"meta-nav\">&rarr;<\/span><\/a><\/p>\n","protected":false},"author":3,"featured_media":0,"parent":0,"menu_order":0,"comment_status":"closed","ping_status":"closed","template":"","meta":{"footnotes":""},"_links":{"self":[{"href":"https:\/\/jeltsch.eu\/webblog\/wp-json\/wp\/v2\/pages\/8630"}],"collection":[{"href":"https:\/\/jeltsch.eu\/webblog\/wp-json\/wp\/v2\/pages"}],"about":[{"href":"https:\/\/jeltsch.eu\/webblog\/wp-json\/wp\/v2\/types\/page"}],"author":[{"embeddable":true,"href":"https:\/\/jeltsch.eu\/webblog\/wp-json\/wp\/v2\/users\/3"}],"replies":[{"embeddable":true,"href":"https:\/\/jeltsch.eu\/webblog\/wp-json\/wp\/v2\/comments?post=8630"}],"version-history":[{"count":11,"href":"https:\/\/jeltsch.eu\/webblog\/wp-json\/wp\/v2\/pages\/8630\/revisions"}],"predecessor-version":[{"id":8642,"href":"https:\/\/jeltsch.eu\/webblog\/wp-json\/wp\/v2\/pages\/8630\/revisions\/8642"}],"wp:attachment":[{"href":"https:\/\/jeltsch.eu\/webblog\/wp-json\/wp\/v2\/media?parent=8630"}],"curies":[{"name":"wp","href":"https:\/\/api.w.org\/{rel}","templated":true}]}}