{"id":8675,"date":"2023-01-19T21:12:29","date_gmt":"2023-01-19T21:12:29","guid":{"rendered":"https:\/\/jeltsch.eu\/webblog\/?page_id=8675"},"modified":"2023-11-03T13:20:12","modified_gmt":"2023-11-03T13:20:12","slug":"bloxx-bling-bling-gedankeninstallation-2015","status":"publish","type":"page","link":"https:\/\/jeltsch.eu\/webblog\/bloxx-bling-bling-gedankeninstallation-2015\/","title":{"rendered":""},"content":{"rendered":"<p>&nbsp;<\/p>\n<p><strong>Die gedankenplastische Umsetzung der elektronischen Klangmuster in Form mosaik\u00e4hnlichen Gebildes in schnell wechselnder Bewegung, zwei Meter frei \u00fcber dem Boden in der Mitte der halboffenen B\u00fchnenmuschel schwebend- rhythmisch pulsierende W\u00fcrfel und Quader von unterschiedlicher L\u00e4nge und Breite- Klangbausteine, weiss und schwarz und alumetall silberfarben schimmernd, die sich in schnell wechselnder Folge in drei Dimensionen \u00fcberlagern, die einzelnen Elemente wie in Luft gestanzt, nur f\u00fcr Sekunden sichtbar, sich in zwei Metern H\u00f6he zu horizontal im offenen Raum schwebenden Gedankenkonstrukt in Form angedeuteten Ellipsoids in st\u00e4ndig variierender Grundform und Gr\u00f6sse f\u00fcgen, bis zu zwei Meter hoch und tief, bis sechs Meter breit- W\u00fcrfel und Quader unterschiedlicher Form und Gr\u00f6sse, weiss und schwarz und alumetallsilberfarben schimmernd\u2019 Gebilde, in rhythmisch pulsierender Bewegung<\/strong><\/p>\n<p>&nbsp;<\/p>\n<p>&nbsp;<\/p>\n<p>&nbsp;<\/p>\n<p>&nbsp;<\/p>\n<!--[if lt IE 9]><script>document.createElement('audio');<\/script><![endif]-->\n<audio class=\"wp-audio-shortcode\" id=\"audio-8675-1\" preload=\"none\" style=\"width: 100%;\" controls=\"controls\"><source type=\"audio\/mpeg\" src=\"https:\/\/jeltsch.eu\/webblog\/wp-content\/uploads\/2023\/01\/aus-dem-ruder-laufen-klinger-j.mp3?_=1\" \/><a href=\"https:\/\/jeltsch.eu\/webblog\/wp-content\/uploads\/2023\/01\/aus-dem-ruder-laufen-klinger-j.mp3\">https:\/\/jeltsch.eu\/webblog\/wp-content\/uploads\/2023\/01\/aus-dem-ruder-laufen-klinger-j.mp3<\/a><\/audio>\n<p>&nbsp;<\/p>\n<p>&nbsp;<\/p>\n<p>\u201eBloxx Bling Bling\u201c, Gedankeninstallation, 2015<\/p>\n<p>Empfohlener Standort im \u00f6ffentlichen Raum: <a href=\"https:\/\/www.google.com\/maps\/place\/Pavillon+am+Nationalquai\/@47.0545975,8.3130817,15z\/data=!4m5!3m4!1s0x0:0xbeb2f645f298fa95!8m2!3d47.0545975!4d8.3130817\" rel=\"noopener\" target=\"_blank\">Musik-\/Kulturpavillon am See<\/a>, Haldenstrasse\/Kurplatz, Luzern<\/a><\/p>\n<p>Die Gedankeninstallation \u201eBloxx Bling Bling\u201c basiert auf repetitivem, musikalischem Klangmuster (\u201eAus dem Ruder laufen\u2026\u201c \u2013 Klinger J, 4:56 min.) und wird in Kombination\/mit Hilfe von obenstehendem Anweisungstext vor dem Hintergrund der Inkrustation des Berliner K\u00fcnstlers Johann Odorico aus dem Jahr 1906 in den halboffenen Raum der B\u00fchnenmuschel des Musikpavillons am Kurplatz in Luzern visualisiert<\/p>\n<p>Hinweis:\u00a0Die Imagination l\u00e4sst sich prim\u00e4r von acht Uhr morgens bis zw\u00f6lf Uhr mittags vermutlich gr\u00f6sstenteils ungest\u00f6rt ausf\u00fchren, da der Kiesplatz vor der B\u00fchne fast das ganze Jahr \u00fcber am Nachmittag oft von lokalen P\u00e9tanques-Spielern genutzt und belegt wird.<\/p>\n<p>Das knapp f\u00fcnf Minuten lange Musik-Pattern wird durch Mausklick auf den Play-Button via Kopfh\u00f6rer abgespielt und bildet die Basis\/Untermalung f\u00fcr die Vorstellung<\/p>\n<p>&nbsp;<\/p>\n<p><a href=\"https:\/\/jeltsch.eu\/webblog\/gedankeninstallation-uebersicht\/\"><<\/a><\/p>\n<p>&nbsp;<\/p>\n","protected":false},"excerpt":{"rendered":"<p>&nbsp; Die gedankenplastische Umsetzung der elektronischen Klangmuster in Form mosaik\u00e4hnlichen Gebildes in schnell wechselnder Bewegung, zwei Meter frei \u00fcber dem Boden in der Mitte der halboffenen B\u00fchnenmuschel schwebend- rhythmisch pulsierende W\u00fcrfel und Quader von unterschiedlicher L\u00e4nge und Breite- Klangbausteine, weiss und schwarz und alumetall silberfarben schimmernd, die sich in schnell wechselnder Folge in drei Dimensionen &hellip; <a href=\"https:\/\/jeltsch.eu\/webblog\/bloxx-bling-bling-gedankeninstallation-2015\/\" class=\"more-link\"><span class=\"screen-reader-text\"><\/span> weiterlesen <span class=\"meta-nav\">&rarr;<\/span><\/a><\/p>\n","protected":false},"author":3,"featured_media":0,"parent":0,"menu_order":0,"comment_status":"closed","ping_status":"closed","template":"","meta":{"footnotes":""},"_links":{"self":[{"href":"https:\/\/jeltsch.eu\/webblog\/wp-json\/wp\/v2\/pages\/8675"}],"collection":[{"href":"https:\/\/jeltsch.eu\/webblog\/wp-json\/wp\/v2\/pages"}],"about":[{"href":"https:\/\/jeltsch.eu\/webblog\/wp-json\/wp\/v2\/types\/page"}],"author":[{"embeddable":true,"href":"https:\/\/jeltsch.eu\/webblog\/wp-json\/wp\/v2\/users\/3"}],"replies":[{"embeddable":true,"href":"https:\/\/jeltsch.eu\/webblog\/wp-json\/wp\/v2\/comments?post=8675"}],"version-history":[{"count":19,"href":"https:\/\/jeltsch.eu\/webblog\/wp-json\/wp\/v2\/pages\/8675\/revisions"}],"predecessor-version":[{"id":18388,"href":"https:\/\/jeltsch.eu\/webblog\/wp-json\/wp\/v2\/pages\/8675\/revisions\/18388"}],"wp:attachment":[{"href":"https:\/\/jeltsch.eu\/webblog\/wp-json\/wp\/v2\/media?parent=8675"}],"curies":[{"name":"wp","href":"https:\/\/api.w.org\/{rel}","templated":true}]}}