{"id":8716,"date":"2023-01-20T00:13:33","date_gmt":"2023-01-20T00:13:33","guid":{"rendered":"https:\/\/jeltsch.eu\/webblog\/?page_id=8716"},"modified":"2023-01-20T01:35:19","modified_gmt":"2023-01-20T01:35:19","slug":"dan-2014-raumerfahrung-situation-trouvee-perception-piece","status":"publish","type":"page","link":"https:\/\/jeltsch.eu\/webblog\/dan-2014-raumerfahrung-situation-trouvee-perception-piece\/","title":{"rendered":""},"content":{"rendered":"<p>&nbsp;<\/p>\n<p>&nbsp;<\/p>\n<p><strong><\/p>\n<p>Die Atmosph\u00e4re der Raumsituation wahrnehmen, das diffuse Tageslicht, welches durch verglaste Deckenschlitze in den Raum einf\u00e4llt, der leicht flackernde Schein des Kerzenlichts an der hinteren Wand, das Mauerwerk, Sitzreihen aus Holz, der Steinaltar, Kl\u00e4nge \u00fcber Kopfh\u00f6rer dazu-\u2028den Blick auf die Flamme der Kerze konzentrieren, die Flamme allm\u00e4hlich fokussieren: wahrnehmen, wie Raum sich dadurch ver\u00e4ndert\u2013<\/p>\n<p>Atmosph\u00e4re<\/p>\n<p>Raum<\/p>\n<p>&nbsp;<\/p>\n<p>\u2028Situation<\/strong><\/p>\n<p>&nbsp;<\/p>\n<p>&nbsp;<\/p>\n<p>&nbsp;<\/p>\n<p>&nbsp;<\/p>\n<!--[if lt IE 9]><script>document.createElement('audio');<\/script><![endif]-->\n<audio class=\"wp-audio-shortcode\" id=\"audio-8716-1\" preload=\"none\" style=\"width: 100%;\" controls=\"controls\"><source type=\"audio\/mpeg\" src=\"https:\/\/jeltsch.eu\/webblog\/wp-content\/uploads\/2023\/01\/the-stellwerk-klinger-j.mp3?_=1\" \/><a href=\"https:\/\/jeltsch.eu\/webblog\/wp-content\/uploads\/2023\/01\/the-stellwerk-klinger-j.mp3\">https:\/\/jeltsch.eu\/webblog\/wp-content\/uploads\/2023\/01\/the-stellwerk-klinger-j.mp3<\/a><\/audio>\n<p>&nbsp;<\/p>\n<p>&nbsp;<\/p>\n<p>\u201eDan\u201c, 2014, Raumerfahrung (Situation Trouv\u00e9e\/Perception Piece)<\/p>\n<p><a href=\"https:\/\/www.google.com\/maps\/place\/R%C3%B6misch-katholische+Kirche+St.+Peter+und+Paul\/@47.5528415,7.5399867,15z\/data=!4m5!3m4!1s0x0:0xb7232a299abf239f!8m2!3d47.5527074!4d7.5401225\" rel=\"noopener\" target=\"_blank\">Standort:<\/a><\/p>\n<p>Taufkapelle Kirche St. Peter &#038; Paul , Baslerstrasse 49, 4123 Allschwil. Technische Voraussetzung: Aktiver, mobiler Internetzugang (Smartphone oder Tablet, Kopfh\u00f6rer)<\/p>\n<p>Die moderne Betonkirche, 1967 vom Schweizer Architekten Fritz Metzger entworfen, liegt in der N\u00e4he des Dorfkerns von Allschwil und ist von der Haltestelle \u201eBinningerstrasse\u201c der Tramlinie Nr. 6 in wenigen Schritten zu erreichen. <\/p>\n<p>Die Raumsituation \u201eDan\u201c l\u00e4sst sich in der Taufkapelle der Kirche erfahren, deren separater Eingang leicht zur\u00fcckversetzt auf der rechten Seite des Kirchplatzes und links vom freistehenden Glockenturm liegt.<br \/>\nDer ca. neun Meter breite und dreizehn Meter lange Raum der Kapelle ist mit einer Durchgangst\u00fcr im hinteren Teil mit dem Hauptgebetsraum der Kirche verbunden und kann auch auf diese Weise begangen werden<\/p>\n<p>An der Wand links hinter dem Haupteingang der Kapelle befindet sich eine Sitzreihe von Holzst\u00fchlen; es wird empfohlen, die Raumsituation von dem Stuhl aus wahrzunehmen, der auf einer geraden Linie zum Licht der Kerze liegt, die auf ungef\u00e4hrer Kopfh\u00f6he an der gegen\u00fcberliegenden Wand hinter dem Steinaltar angebracht ist<\/p>\n<p>Die Raumerfahrung wird durch das Musikpattern \u201eThe Sweet Outro\u201c (03:26 min.) unterst\u00fctzt, das durch Mausklick auf den \u201ePlay-Button\u201c \u00fcber Kopfh\u00f6rer zum Abspielen gebracht wird.\u00a0Dazu wird die oben stehende Textanweisung gelesen<\/p>\n<p>&nbsp;<\/p>\n<p><em>(Hinweis: Die Kirchenr\u00e4ume sind jeweils tags\u00fcber ge\u00f6ffnet und es wird darauf hingewiesen, auf \u00a0Kirchg\u00e4nger R\u00fccksicht zu nehmen, resp. die Raumwahrnehmung \u201eDan\u201c nur ausserhalb allf\u00e4lliger Gottesdienste auszuf\u00fchren. Ausserdem Klangmuster ausschliesslich \u00fcber Kopfh\u00f6rer abgespielen)<\/em><\/p>\n<p>&nbsp;<\/p>\n<p><a href=\"https:\/\/jeltsch.eu\/webblog\/gedankeninstallation-uebersicht\/\"><<\/a><\/p>\n<p>&nbsp;<\/p>\n","protected":false},"excerpt":{"rendered":"<p>&nbsp; &nbsp; Die Atmosph\u00e4re der Raumsituation wahrnehmen, das diffuse Tageslicht, welches durch verglaste Deckenschlitze in den Raum einf\u00e4llt, der leicht flackernde Schein des Kerzenlichts an der hinteren Wand, das Mauerwerk, Sitzreihen aus Holz, der Steinaltar, Kl\u00e4nge \u00fcber Kopfh\u00f6rer dazu-\u2028den Blick auf die Flamme der Kerze konzentrieren, die Flamme allm\u00e4hlich fokussieren: wahrnehmen, wie Raum sich dadurch &hellip; <a href=\"https:\/\/jeltsch.eu\/webblog\/dan-2014-raumerfahrung-situation-trouvee-perception-piece\/\" class=\"more-link\"><span class=\"screen-reader-text\"><\/span> weiterlesen <span class=\"meta-nav\">&rarr;<\/span><\/a><\/p>\n","protected":false},"author":3,"featured_media":0,"parent":0,"menu_order":0,"comment_status":"closed","ping_status":"closed","template":"","meta":{"footnotes":""},"_links":{"self":[{"href":"https:\/\/jeltsch.eu\/webblog\/wp-json\/wp\/v2\/pages\/8716"}],"collection":[{"href":"https:\/\/jeltsch.eu\/webblog\/wp-json\/wp\/v2\/pages"}],"about":[{"href":"https:\/\/jeltsch.eu\/webblog\/wp-json\/wp\/v2\/types\/page"}],"author":[{"embeddable":true,"href":"https:\/\/jeltsch.eu\/webblog\/wp-json\/wp\/v2\/users\/3"}],"replies":[{"embeddable":true,"href":"https:\/\/jeltsch.eu\/webblog\/wp-json\/wp\/v2\/comments?post=8716"}],"version-history":[{"count":13,"href":"https:\/\/jeltsch.eu\/webblog\/wp-json\/wp\/v2\/pages\/8716\/revisions"}],"predecessor-version":[{"id":8732,"href":"https:\/\/jeltsch.eu\/webblog\/wp-json\/wp\/v2\/pages\/8716\/revisions\/8732"}],"wp:attachment":[{"href":"https:\/\/jeltsch.eu\/webblog\/wp-json\/wp\/v2\/media?parent=8716"}],"curies":[{"name":"wp","href":"https:\/\/api.w.org\/{rel}","templated":true}]}}